{"id":275,"date":"2025-12-17T18:15:40","date_gmt":"2025-12-17T17:15:40","guid":{"rendered":"https:\/\/ultra-net-work.com\/dianearnaud\/?page_id=275"},"modified":"2026-01-07T17:53:10","modified_gmt":"2026-01-07T16:53:10","slug":"photos","status":"publish","type":"page","link":"https:\/\/ultra-net-work.com\/dianearnaud\/photos\/","title":{"rendered":"Photos"},"content":{"rendered":"<div class=\"wpb-content-wrapper\"><p>[vc_row row_content_width=\u00a0\u00bbgrid\u00a0\u00bb][vc_column][vc_empty_space height=\u00a0\u00bb120px\u00a0\u00bb][vc_column_text css=\u00a0\u00bb\u00a0\u00bb]<\/p>\n<h1 style=\"text-align: center;\">Photos<\/h1>\n<p>[\/vc_column_text][vc_empty_space height=\u00a0\u00bb120px\u00a0\u00bb][\/vc_column][\/vc_row][vc_row row_content_width=\u00a0\u00bbgrid\u00a0\u00bb][vc_column width=\u00a0\u00bb1\/3&Prime;][\/vc_column][vc_column width=\u00a0\u00bb1\/3&Prime;][vc_single_image image=\u00a0\u00bb267&Prime; img_size=\u00a0\u00bbfull\u00a0\u00bb onclick=\u00a0\u00bblink_image\u00a0\u00bb css=\u00a0\u00bb\u00a0\u00bb][vc_empty_space height=\u00a0\u00bb30px\u00a0\u00bb][\/vc_column][vc_column width=\u00a0\u00bb1\/3&Prime;][vc_single_image image=\u00a0\u00bb266&Prime; img_size=\u00a0\u00bbfull\u00a0\u00bb onclick=\u00a0\u00bblink_image\u00a0\u00bb css=\u00a0\u00bb\u00a0\u00bb][vc_empty_space height=\u00a0\u00bb30px\u00a0\u00bb][\/vc_column][\/vc_row][vc_row row_content_width=\u00a0\u00bbgrid\u00a0\u00bb][vc_column width=\u00a0\u00bb1\/3&Prime;][\/vc_column][vc_column width=\u00a0\u00bb2\/3&Prime;][vc_single_image image=\u00a0\u00bb108&Prime; img_size=\u00a0\u00bbfull\u00a0\u00bb onclick=\u00a0\u00bblink_image\u00a0\u00bb css=\u00a0\u00bb\u00a0\u00bb][vc_empty_space height=\u00a0\u00bb100px\u00a0\u00bb][\/vc_column][\/vc_row][vc_row row_content_width=\u00a0\u00bbgrid\u00a0\u00bb][vc_column][vc_empty_space height=\u00a0\u00bb200px\u00a0\u00bb][vc_separator color=\u00a0\u00bbblack\u00a0\u00bb css=\u00a0\u00bb\u00a0\u00bb][\/vc_column][\/vc_row][vc_row row_content_width=\u00a0\u00bbgrid\u00a0\u00bb][vc_column][vc_empty_space height=\u00a0\u00bb20px\u00a0\u00bb][vc_column_text css=\u00a0\u00bb\u00a0\u00bb]<\/p>\n<h5 style=\"text-align: center;\">Autres publications<\/h5>\n<p>[\/vc_column_text][vc_empty_space height=\u00a0\u00bb20px\u00a0\u00bb][vc_row_inner][vc_column_inner width=\u00a0\u00bb1\/3&Prime;][vc_single_image image=\u00a0\u00bb105&Prime; img_size=\u00a0\u00bbfull\u00a0\u00bb onclick=\u00a0\u00bbcustom_link\u00a0\u00bb css=\u00a0\u00bb\u00a0\u00bb link=\u00a0\u00bb#\u00a0\u00bb][\/vc_column_inner][vc_column_inner width=\u00a0\u00bb1\/3&Prime;][vc_single_image image=\u00a0\u00bb104&Prime; img_size=\u00a0\u00bbfull\u00a0\u00bb onclick=\u00a0\u00bbcustom_link\u00a0\u00bb css=\u00a0\u00bb\u00a0\u00bb link=\u00a0\u00bb#\u00a0\u00bb][\/vc_column_inner][vc_column_inner width=\u00a0\u00bb1\/3&Prime;][vc_single_image image=\u00a0\u00bb34&Prime; img_size=\u00a0\u00bbfull\u00a0\u00bb onclick=\u00a0\u00bbcustom_link\u00a0\u00bb css=\u00a0\u00bb\u00a0\u00bb link=\u00a0\u00bb#\u00a0\u00bb][\/vc_column_inner][\/vc_row_inner][vc_row_inner][vc_column_inner el_class=\u00a0\u00bbbtn-publications\u00a0\u00bb]<a itemprop=\"url\" href=\"https:\/\/ultra-net-work.com\/dianearnaud\/livres\/\" target=\"_blank\" style=\"color: #FFFFFF;background-color: #000000;border-color: #000000;text-transform: inherit\" class=\"eltdf-btn eltdf-btn-small eltdf-btn-solid eltdf-btn-custom-hover-bg eltdf-btn-custom-border-hover eltdf-btn-custom-hover-color\" data-hover-color=\"#000000\" data-hover-bg-color=\"#FFFFFF\" data-border-color=\"#000000\" data-hover-border-color=\"#000000\" >\n    <span class=\"eltdf-btn-text\">Tous les livres<\/span>\n    <\/a>[\/vc_column_inner][\/vc_row_inner][\/vc_column][\/vc_row][vc_row row_content_width=\u00a0\u00bbgrid\u00a0\u00bb][vc_column][vc_separator color=\u00a0\u00bbblack\u00a0\u00bb css=\u00a0\u00bb\u00a0\u00bb][\/vc_column][\/vc_row][vc_row row_content_width=\u00a0\u00bbgrid\u00a0\u00bb][vc_column][vc_empty_space height=\u00a0\u00bb20px\u00a0\u00bb][vc_column_text css=\u00a0\u00bb\u00a0\u00bb]<\/p>\n<h5 style=\"text-align: center;\">CONFERENCE<br \/>\nDavid Lynch<\/h5>\n<h1 class=\"style-scope ytd-watch-metadata\" style=\"text-align: center;\">\u00ab\u00a0It is happening again\u00a0\u00bb la r\u00e9p\u00e9tition selon Lynch<\/h1>\n<p>[\/vc_column_text]<div class=\"eltdf-video-button-holder  eltdf-vb-has-img\">\n\t<div class=\"eltdf-video-button-image\">\n\t\t<img loading=\"lazy\" decoding=\"async\" width=\"2000\" height=\"1250\" src=\"https:\/\/ultra-net-work.com\/dianearnaud\/wp-content\/uploads\/2025\/12\/DA.Forum_.jpg\" class=\"attachment-full size-full\" alt=\"\" srcset=\"https:\/\/ultra-net-work.com\/dianearnaud\/wp-content\/uploads\/2025\/12\/DA.Forum_.jpg 2000w, https:\/\/ultra-net-work.com\/dianearnaud\/wp-content\/uploads\/2025\/12\/DA.Forum_-300x188.jpg 300w, https:\/\/ultra-net-work.com\/dianearnaud\/wp-content\/uploads\/2025\/12\/DA.Forum_-1024x640.jpg 1024w, https:\/\/ultra-net-work.com\/dianearnaud\/wp-content\/uploads\/2025\/12\/DA.Forum_-768x480.jpg 768w, https:\/\/ultra-net-work.com\/dianearnaud\/wp-content\/uploads\/2025\/12\/DA.Forum_-1536x960.jpg 1536w\" sizes=\"auto, (max-width: 2000px) 100vw, 2000px\" \/>\t<\/div>\n\t\t\t<a class=\"eltdf-video-button-play\"  href=\"https:\/\/www.youtube.com\/watch?v=z13PmMxL9Bw\" data-rel=\"prettyPhoto[video_button_pretty_photo_945]\">\n\t\t\t<span class=\"eltdf-video-button-play-inner\">\n\t\t\t\t<svg version=\"1.1\" xmlns=\"http:\/\/www.w3.org\/2000\/svg\" xmlns:xlink=\"http:\/\/www.w3.org\/1999\/xlink\" width=\"88px\" height=\"88px\" viewBox=\"0 0 88 88\" enable-background=\"new 0 0 88 88\" xml:space=\"preserve\">\n\t\t\t\t\t<circle fill=\"none\" stroke=\"#FFFFFF\" stroke-miterlimit=\"10\" cx=\"44\" cy=\"44.001\" r=\"43.5\"><\/circle>\n\t\t\t\t\t<circle fill=\"none\" stroke=\"#FFFFFF\" stroke-miterlimit=\"10\" cx=\"44\" cy=\"44.001\" r=\"43.5\"><\/circle>\n\t\t\t\t\t<polygon fill=\"none\" stroke=\"#FFFFFF\" stroke-miterlimit=\"10\" points=\"37.987,24.208 57.781,44.001 37.987,63.793 \"><\/polygon>\n\t\t\t\t<\/svg>\n\t\t\t<\/span>\n\t\t<\/a>\n\t<\/div>[\/vc_column][\/vc_row][vc_row row_content_width=\u00a0\u00bbgrid\u00a0\u00bb][vc_column][vc_separator color=\u00a0\u00bbblack\u00a0\u00bb css=\u00a0\u00bb\u00a0\u00bb][\/vc_column][\/vc_row][vc_row row_content_width=\u00a0\u00bbgrid\u00a0\u00bb][vc_column][vc_empty_space height=\u00a0\u00bb20px\u00a0\u00bb][vc_column_text css=\u00a0\u00bb\u00a0\u00bb]<\/p>\n<h5 style=\"text-align: center;\">Autres conf\u00e9rences<\/h5>\n<p>[\/vc_column_text][vc_empty_space height=\u00a0\u00bb20px\u00a0\u00bb][vc_row_inner][vc_column_inner width=\u00a0\u00bb1\/3&Prime;][vc_single_image image=\u00a0\u00bb119&Prime; img_size=\u00a0\u00bbfull\u00a0\u00bb onclick=\u00a0\u00bbcustom_link\u00a0\u00bb css=\u00a0\u00bb\u00a0\u00bb link=\u00a0\u00bb#\u00a0\u00bb][vc_empty_space height=\u00a0\u00bb10px\u00a0\u00bb][vc_column_text css=\u00a0\u00bb\u00a0\u00bb]<\/p>\n<h5 class=\"page-title\">FORUM DES IMAGES<br \/>\n\u00ab\u00a0De l\u2019invisible \u00e0 l\u2019invasion : le cin\u00e9ma de Kiyoshi Kurosawa\u00a0\u00bb<\/h5>\n<p>[\/vc_column_text][vc_empty_space height=\u00a0\u00bb30px\u00a0\u00bb][\/vc_column_inner][vc_column_inner width=\u00a0\u00bb1\/3&Prime;][vc_single_image image=\u00a0\u00bb127&Prime; img_size=\u00a0\u00bbfull\u00a0\u00bb onclick=\u00a0\u00bbcustom_link\u00a0\u00bb css=\u00a0\u00bb\u00a0\u00bb link=\u00a0\u00bb#\u00a0\u00bb][vc_empty_space height=\u00a0\u00bb10px\u00a0\u00bb][vc_column_text css=\u00a0\u00bb\u00a0\u00bb]<\/p>\n<h5 class=\"page-title\">CIN\u00c9MATH\u00c8QUE<br \/>\nChangements de t\u00eates, de M\u00e9li\u00e8s \u00e0 David Lynch<\/h5>\n<p>[\/vc_column_text][vc_empty_space height=\u00a0\u00bb30px\u00a0\u00bb][\/vc_column_inner][vc_column_inner width=\u00a0\u00bb1\/3&Prime;][vc_single_image image=\u00a0\u00bb137&Prime; img_size=\u00a0\u00bbfull\u00a0\u00bb onclick=\u00a0\u00bbcustom_link\u00a0\u00bb css=\u00a0\u00bb\u00a0\u00bb link=\u00a0\u00bb#\u00a0\u00bb][vc_empty_space height=\u00a0\u00bb10px\u00a0\u00bb][vc_column_text css=\u00a0\u00bb\u00a0\u00bb]<\/p>\n<h5 class=\"page-title\">CIN\u00c9MATH\u00c8QUE<br \/>\nOzu aujourd\u2019hui<\/h5>\n<p>[\/vc_column_text][vc_empty_space height=\u00a0\u00bb30px\u00a0\u00bb][\/vc_column_inner][\/vc_row_inner][vc_row_inner][vc_column_inner el_class=\u00a0\u00bbbtn-publications\u00a0\u00bb]<a itemprop=\"url\" href=\"https:\/\/ultra-net-work.com\/dianearnaud\/videos\/\" target=\"_self\" style=\"color: #FFFFFF;background-color: #000000;border-color: #000000;text-transform: inherit\" class=\"eltdf-btn eltdf-btn-small eltdf-btn-solid eltdf-btn-custom-hover-bg eltdf-btn-custom-border-hover eltdf-btn-custom-hover-color\" data-hover-color=\"#000000\" data-hover-bg-color=\"#FFFFFF\" data-border-color=\"#000000\" data-hover-border-color=\"#000000\" >\n    <span class=\"eltdf-btn-text\">Conf\u00e9rences<\/span>\n    <\/a>[\/vc_column_inner][\/vc_row_inner][\/vc_column][\/vc_row][vc_row row_content_width=\u00a0\u00bbgrid\u00a0\u00bb][vc_column][vc_separator color=\u00a0\u00bbblack\u00a0\u00bb css=\u00a0\u00bb\u00a0\u00bb][\/vc_column][\/vc_row][vc_row row_content_width=\u00a0\u00bbgrid\u00a0\u00bb][vc_column][vc_empty_space height=\u00a0\u00bb120px\u00a0\u00bb][vc_column_text css=\u00a0\u00bb\u00a0\u00bb]<\/p>\n<h1 style=\"text-align: center;\">Biographie<\/h1>\n<p>[\/vc_column_text][vc_empty_space height=\u00a0\u00bb120px\u00a0\u00bb][\/vc_column][\/vc_row][vc_row row_content_width=\u00a0\u00bbgrid\u00a0\u00bb][vc_column width=\u00a0\u00bb1\/2&Prime;][vc_single_image image=\u00a0\u00bb266&Prime; img_size=\u00a0\u00bbfull\u00a0\u00bb css=\u00a0\u00bb\u00a0\u00bb][\/vc_column][vc_column width=\u00a0\u00bb1\/2&Prime;][vc_column_text css=\u00a0\u00bb\u00a0\u00bb]<\/p>\n<h2>Diane Arnaud<\/h2>\n<h3>Professeure en esth\u00e9tique cin\u00e9matographique<br \/>\nUNIVERSIT\u00c9 GUSTAVE EIFFEL<\/h3>\n<p>[\/vc_column_text][vc_empty_space height=\u00a0\u00bb100px\u00a0\u00bb][vc_column_text css=\u00a0\u00bb\u00a0\u00bb]<\/p>\n<div style=\"text-align: justify;\">\n<div class=\"infosPrincip\">\n<p class=\"lead affectLong\">CFR \/ UFR LACT &#8211; Lettres, Arts, Cr\u00e9ation et Technologies<\/p>\n<\/div>\n<div id=\"presentation_more\" class=\"view-detail\">\n<div class=\"fr\">\n<p>Directrice du CCAMAN,\u00a0 \u00e9quipe de recherche interne dans le laboratoire LISAA<\/p>\n<p>Directrice du Master Cin\u00e9ma et Audiovisuel de l&rsquo;UFR LACT<\/p>\n<p>Mes domaines de sp\u00e9cialit\u00e9 sont l\u2019analyse esth\u00e9tique de motifs cin\u00e9matographiques, susceptibles d\u2019engendrer le trouble (enfermement, transformation, r\u00e9p\u00e9tition, d\u00e9doublement), et l\u2019\u0153uvre des r\u00e9alisateurs David Lynch, Yasujir\u00f4 Ozu et Kiyoshi Kurosawa, ainsi que les liens du cin\u00e9ma fantastique japonais avec les traumatismes de l\u2019Histoire.<\/p>\n<\/div>\n<\/div>\n<\/div>\n<p>[\/vc_column_text]<div class=\"eltdf-accordion-holder eltdf-ac-default  eltdf-toggle eltdf-ac-simple  clearfix\">\n\t<h4 class=\"eltdf-accordion-title\">\n    <span class=\"eltdf-accordion-mark\">\n\t\t<span class=\"eltdf_icon_plus icon_plus\"><\/span>\n\t\t<span class=\"eltdf_icon_minus icon_minus-06\"><\/span>\n\t<\/span>\n\t<span class=\"eltdf-tab-title\">Lire la suite<\/span>\n<\/h4>\n<div class=\"eltdf-accordion-content\">\n\t<div class=\"eltdf-accordion-content-inner\">\n\t\t[vc_column_text css=\u00a0\u00bb\u00a0\u00bb]<\/p>\n<div style=\"text-align: justify;\">\n<p style=\"font-weight: 400;\"><strong>Formation <\/strong><\/p>\n<p>&nbsp;<\/p>\n<p>2021\u00a0\u00a0\u00a0\u00a0\u00a0\u00a0\u00a0\u00a0\u00a0\u00a0\u00a0\u00a0\u00a0\u00a0\u00a0 Habilitation \u00e0 diriger des recherches en \u00e9tudes cin\u00e9matographiques de l\u2019universit\u00e9 Sorbonne Nouvelle\u00a0: <em>L\u2019esth\u00e9tique dans un \u00e9tat second\u00a0: le cin\u00e9ma, art du d\u00e9r\u00e8glement<\/em>, garant\u00a0: Fran\u00e7ois Thomas<\/p>\n<p>2003 \u00a0\u00a0\u00a0\u00a0\u00a0\u00a0\u00a0\u00a0\u00a0\u00a0\u00a0\u00a0\u00a0\u00a0 Doctorat d\u2019\u00e9tudes cin\u00e9matographiques de l\u2019universit\u00e9 Sorbonne Nouvelle\u00a0: <em>Figures d\u2019enfermement dans le cin\u00e9ma de David Lynch et d\u2019Alexandre Sokourov\u00a0: perspectives esth\u00e9tiques du cin\u00e9ma contemporain<\/em>, sous la direction de Murielle Gagnebin. Mention tr\u00e8s honorable avec les f\u00e9licitations du jury \u00e0 l\u2019unanimit\u00e9<\/p>\n<p>1999 \u00a0\u00a0\u00a0\u00a0\u00a0\u00a0\u00a0\u00a0\u00a0\u00a0\u00a0\u00a0\u00a0\u00a0 DEA d\u2019\u00e9tudes cin\u00e9matographiques et audiovisuelles, universit\u00e9 Sorbonne Nouvelle\u00a0: <em>L\u2019Esth\u00e9tique de l\u2019enfermement dans le cin\u00e9ma de David Lynch<\/em>. Mention Tr\u00e8s Bien<\/p>\n<p>1998 \u00a0\u00a0\u00a0\u00a0\u00a0\u00a0\u00a0\u00a0\u00a0\u00a0\u00a0\u00a0\u00a0\u00a0 Ma\u00eetrise d\u2019histoire de l\u2019art, universit\u00e9 Paris\u00a01 \u2013 Panth\u00e9on-Sorbonne\u00a0: <em>Figuration de la d\u00e9faite sous la Seconde R\u00e9publique<\/em>. Mention Tr\u00e8s Bien<\/p>\n<p>1997\u00a0\u00a0\u00a0\u00a0\u00a0\u00a0\u00a0\u00a0\u00a0\u00a0\u00a0\u00a0\u00a0\u00a0\u00a0 Double licence d\u2019histoire de l\u2019art (universit\u00e9 Paris\u00a01) et d\u2019anglais (Sorbonne Nouvelle)<\/p>\n<p>1996\u00a0\u00a0\u00a0\u00a0\u00a0\u00a0\u00a0\u00a0\u00a0\u00a0\u00a0\u00a0\u00a0\u00a0\u00a0 Dipl\u00f4m\u00e9e de l\u2019Essec \u2013 accord d\u2019\u00e9change avec Georgetown University (1995)<\/p>\n<p style=\"font-weight: 400;\"><strong>Exp\u00e9rience de l\u2019enseignement <\/strong><\/p>\n<p style=\"font-weight: 400;\">Depuis 2004 \u00a0\u00a0\u00a0 Ma\u00eetre de conf\u00e9rences en \u00e9tudes cin\u00e9matographiques, universit\u00e9 Paris Diderot, UFR LAC (Lettres, Arts, Cin\u00e9ma)<\/p>\n<ul>\n<li>Charg\u00e9e de cours, Institut de sciences politiques Paris, master Culture et M\u00e9dias<\/li>\n<\/ul>\n<p>2003-2004\u00a0\u00a0\u00a0\u00a0\u00a0\u00a0\u00a0 Attach\u00e9e temporaire de recherche et d\u2019enseignement, UFR LAC<\/p>\n<p>2002-2004\u00a0\u00a0\u00a0\u00a0\u00a0\u00a0\u00a0 Coordinatrice cours option cin\u00e9ma, Deug\u00a02, universit\u00e9 de Tours, UFR Histoire de l\u2019art<\/p>\n<p>2002-2006 \u00a0\u00a0\u00a0\u00a0\u00a0\u00a0 Formatrice sp\u00e9cialis\u00e9e dans le dispositif \u00ab\u00a0Lyc\u00e9ens au cin\u00e9ma\u00a0\u00bb et en IUFM pour l\u2019APCVL (programmes long m\u00e9trage et court m\u00e9trage), R\u00e9gion Centre<\/p>\n<p>1999-2003\u00a0\u00a0\u00a0\u00a0\u00a0\u00a0\u00a0 Charg\u00e9e de cours \u00e0 l\u2019universit\u00e9 Sorbonne Nouvelle, UFR Cin\u00e9ma et Audiovisuel<\/p>\n<\/div>\n<p>[\/vc_column_text]\t<\/div>\n<\/div><\/div>[vc_row_inner content_text_aligment=\u00a0\u00bbright\u00a0\u00bb][vc_column_inner el_class=\u00a0\u00bbbtn-commander\u00a0\u00bb width=\u00a0\u00bb1\/3&Prime;][\/vc_column_inner][vc_column_inner width=\u00a0\u00bb1\/3&Prime;]<a itemprop=\"url\" href=\"https:\/\/ultra-net-work.com\/dianearnaud\/videos\/\" target=\"_self\" style=\"color: #FFFFFF;background-color: #000000;border-color: #000000;text-transform: inherit\" class=\"eltdf-btn eltdf-btn-small eltdf-btn-solid eltdf-btn-custom-hover-bg eltdf-btn-custom-border-hover eltdf-btn-custom-hover-color\" data-hover-color=\"#000000\" data-hover-bg-color=\"#FFFFFF\" data-border-color=\"#000000\" data-hover-border-color=\"#000000\" >\n    <span class=\"eltdf-btn-text\">Interview<\/span>\n    <\/a>[\/vc_column_inner][vc_column_inner width=\u00a0\u00bb1\/3&Prime;]<a itemprop=\"url\" href=\"https:\/\/www.rougeprofond.com\/produit\/le-double-mon-illusion-preferee\/\" target=\"_blank\" style=\"color: #FFFFFF;background-color: #000000;border-color: #000000;text-transform: inherit\" class=\"eltdf-btn eltdf-btn-small eltdf-btn-solid eltdf-btn-custom-hover-bg eltdf-btn-custom-border-hover eltdf-btn-custom-hover-color\" data-hover-color=\"#000000\" data-hover-bg-color=\"#FFFFFF\" data-border-color=\"#000000\" data-hover-border-color=\"#000000\" >\n    <span class=\"eltdf-btn-text\">Commander<\/span>\n    <\/a>[\/vc_column_inner][\/vc_row_inner][\/vc_column][\/vc_row]<\/p>\n<\/div>","protected":false},"excerpt":{"rendered":"<p>[vc_row row_content_width=\u00a0\u00bbgrid\u00a0\u00bb][vc_column][vc_empty_space height=\u00a0\u00bb120px\u00a0\u00bb][vc_column_text css=\u00a0\u00bb\u00a0\u00bb] Photos [\/vc_column_text][vc_empty_space height=\u00a0\u00bb120px\u00a0\u00bb][\/vc_column][\/vc_row][vc_row row_content_width=\u00a0\u00bbgrid\u00a0\u00bb][vc_column width=\u00a0\u00bb1\/3&Prime;][\/vc_column][vc_column width=\u00a0\u00bb1\/3&Prime;][vc_single_image image=\u00a0\u00bb267&Prime; img_size=\u00a0\u00bbfull\u00a0\u00bb onclick=\u00a0\u00bblink_image\u00a0\u00bb css=\u00a0\u00bb\u00a0\u00bb][vc_empty_space height=\u00a0\u00bb30px\u00a0\u00bb][\/vc_column][vc_column width=\u00a0\u00bb1\/3&Prime;][vc_single_image image=\u00a0\u00bb266&Prime; img_size=\u00a0\u00bbfull\u00a0\u00bb onclick=\u00a0\u00bblink_image\u00a0\u00bb css=\u00a0\u00bb\u00a0\u00bb][vc_empty_space height=\u00a0\u00bb30px\u00a0\u00bb][\/vc_column][\/vc_row][vc_row row_content_width=\u00a0\u00bbgrid\u00a0\u00bb][vc_column width=\u00a0\u00bb1\/3&Prime;][\/vc_column][vc_column width=\u00a0\u00bb2\/3&Prime;][vc_single_image image=\u00a0\u00bb108&Prime; img_size=\u00a0\u00bbfull\u00a0\u00bb onclick=\u00a0\u00bblink_image\u00a0\u00bb css=\u00a0\u00bb\u00a0\u00bb][vc_empty_space height=\u00a0\u00bb100px\u00a0\u00bb][\/vc_column][\/vc_row][vc_row row_content_width=\u00a0\u00bbgrid\u00a0\u00bb][vc_column][vc_empty_space height=\u00a0\u00bb200px\u00a0\u00bb][vc_separator color=\u00a0\u00bbblack\u00a0\u00bb css=\u00a0\u00bb\u00a0\u00bb][\/vc_column][\/vc_row][vc_row row_content_width=\u00a0\u00bbgrid\u00a0\u00bb][vc_column][vc_empty_space height=\u00a0\u00bb20px\u00a0\u00bb][vc_column_text css=\u00a0\u00bb\u00a0\u00bb] Autres publications [\/vc_column_text][vc_empty_space height=\u00a0\u00bb20px\u00a0\u00bb][vc_row_inner][vc_column_inner [&hellip;]<\/p>\n","protected":false},"author":1,"featured_media":0,"parent":0,"menu_order":1,"comment_status":"closed","ping_status":"closed","template":"full-width.php","meta":{"footnotes":""},"class_list":["post-275","page","type-page","status-publish","hentry"],"yoast_head":"<!-- This site is optimized with the Yoast SEO plugin v27.3 - https:\/\/yoast.com\/product\/yoast-seo-wordpress\/ -->\n<title>Photos - Diane Arnaud<\/title>\n<meta name=\"robots\" content=\"noindex, follow, max-snippet:-1, max-image-preview:large, max-video-preview:-1\" \/>\n<meta property=\"og:locale\" content=\"fr_FR\" \/>\n<meta property=\"og:type\" content=\"article\" \/>\n<meta property=\"og:title\" content=\"Photos - Diane Arnaud\" \/>\n<meta property=\"og:description\" content=\"[vc_row row_content_width=\u00a0\u00bbgrid\u00a0\u00bb][vc_column][vc_empty_space height=\u00a0\u00bb120px\u00a0\u00bb][vc_column_text css=\u00a0\u00bb\u00a0\u00bb] Photos [\/vc_column_text][vc_empty_space height=\u00a0\u00bb120px\u00a0\u00bb][\/vc_column][\/vc_row][vc_row row_content_width=\u00a0\u00bbgrid\u00a0\u00bb][vc_column width=\u00a0\u00bb1\/3&Prime;][\/vc_column][vc_column width=\u00a0\u00bb1\/3&Prime;][vc_single_image image=\u00a0\u00bb267&Prime; img_size=\u00a0\u00bbfull\u00a0\u00bb onclick=\u00a0\u00bblink_image\u00a0\u00bb css=\u00a0\u00bb\u00a0\u00bb][vc_empty_space height=\u00a0\u00bb30px\u00a0\u00bb][\/vc_column][vc_column width=\u00a0\u00bb1\/3&Prime;][vc_single_image image=\u00a0\u00bb266&Prime; img_size=\u00a0\u00bbfull\u00a0\u00bb onclick=\u00a0\u00bblink_image\u00a0\u00bb css=\u00a0\u00bb\u00a0\u00bb][vc_empty_space height=\u00a0\u00bb30px\u00a0\u00bb][\/vc_column][\/vc_row][vc_row row_content_width=\u00a0\u00bbgrid\u00a0\u00bb][vc_column width=\u00a0\u00bb1\/3&Prime;][\/vc_column][vc_column width=\u00a0\u00bb2\/3&Prime;][vc_single_image image=\u00a0\u00bb108&Prime; img_size=\u00a0\u00bbfull\u00a0\u00bb onclick=\u00a0\u00bblink_image\u00a0\u00bb css=\u00a0\u00bb\u00a0\u00bb][vc_empty_space height=\u00a0\u00bb100px\u00a0\u00bb][\/vc_column][\/vc_row][vc_row row_content_width=\u00a0\u00bbgrid\u00a0\u00bb][vc_column][vc_empty_space height=\u00a0\u00bb200px\u00a0\u00bb][vc_separator color=\u00a0\u00bbblack\u00a0\u00bb css=\u00a0\u00bb\u00a0\u00bb][\/vc_column][\/vc_row][vc_row row_content_width=\u00a0\u00bbgrid\u00a0\u00bb][vc_column][vc_empty_space height=\u00a0\u00bb20px\u00a0\u00bb][vc_column_text css=\u00a0\u00bb\u00a0\u00bb] Autres publications [\/vc_column_text][vc_empty_space height=\u00a0\u00bb20px\u00a0\u00bb][vc_row_inner][vc_column_inner [&hellip;]\" \/>\n<meta property=\"og:url\" content=\"https:\/\/ultra-net-work.com\/dianearnaud\/photos\/\" \/>\n<meta property=\"og:site_name\" content=\"Diane Arnaud\" \/>\n<meta property=\"article:modified_time\" content=\"2026-01-07T16:53:10+00:00\" \/>\n<meta name=\"twitter:card\" content=\"summary_large_image\" \/>\n<meta name=\"twitter:label1\" content=\"Dur\u00e9e de lecture estim\u00e9e\" \/>\n\t<meta name=\"twitter:data1\" content=\"5 minutes\" \/>\n<script type=\"application\/ld+json\" class=\"yoast-schema-graph\">{\"@context\":\"https:\\\/\\\/schema.org\",\"@graph\":[{\"@type\":\"WebPage\",\"@id\":\"https:\\\/\\\/ultra-net-work.com\\\/dianearnaud\\\/photos\\\/\",\"url\":\"https:\\\/\\\/ultra-net-work.com\\\/dianearnaud\\\/photos\\\/\",\"name\":\"Photos - Diane Arnaud\",\"isPartOf\":{\"@id\":\"https:\\\/\\\/ultra-net-work.com\\\/dianearnaud\\\/#website\"},\"datePublished\":\"2025-12-17T17:15:40+00:00\",\"dateModified\":\"2026-01-07T16:53:10+00:00\",\"breadcrumb\":{\"@id\":\"https:\\\/\\\/ultra-net-work.com\\\/dianearnaud\\\/photos\\\/#breadcrumb\"},\"inLanguage\":\"fr-FR\",\"potentialAction\":[{\"@type\":\"ReadAction\",\"target\":[\"https:\\\/\\\/ultra-net-work.com\\\/dianearnaud\\\/photos\\\/\"]}]},{\"@type\":\"BreadcrumbList\",\"@id\":\"https:\\\/\\\/ultra-net-work.com\\\/dianearnaud\\\/photos\\\/#breadcrumb\",\"itemListElement\":[{\"@type\":\"ListItem\",\"position\":1,\"name\":\"Accueil\",\"item\":\"https:\\\/\\\/ultra-net-work.com\\\/dianearnaud\\\/\"},{\"@type\":\"ListItem\",\"position\":2,\"name\":\"Photos\"}]},{\"@type\":\"WebSite\",\"@id\":\"https:\\\/\\\/ultra-net-work.com\\\/dianearnaud\\\/#website\",\"url\":\"https:\\\/\\\/ultra-net-work.com\\\/dianearnaud\\\/\",\"name\":\"Diane Arnaud\",\"description\":\"\",\"potentialAction\":[{\"@type\":\"SearchAction\",\"target\":{\"@type\":\"EntryPoint\",\"urlTemplate\":\"https:\\\/\\\/ultra-net-work.com\\\/dianearnaud\\\/?s={search_term_string}\"},\"query-input\":{\"@type\":\"PropertyValueSpecification\",\"valueRequired\":true,\"valueName\":\"search_term_string\"}}],\"inLanguage\":\"fr-FR\"}]}<\/script>\n<!-- \/ Yoast SEO plugin. -->","yoast_head_json":{"title":"Photos - Diane Arnaud","robots":{"index":"noindex","follow":"follow","max-snippet":"max-snippet:-1","max-image-preview":"max-image-preview:large","max-video-preview":"max-video-preview:-1"},"og_locale":"fr_FR","og_type":"article","og_title":"Photos - Diane Arnaud","og_description":"[vc_row row_content_width=\u00a0\u00bbgrid\u00a0\u00bb][vc_column][vc_empty_space height=\u00a0\u00bb120px\u00a0\u00bb][vc_column_text css=\u00a0\u00bb\u00a0\u00bb] Photos [\/vc_column_text][vc_empty_space height=\u00a0\u00bb120px\u00a0\u00bb][\/vc_column][\/vc_row][vc_row row_content_width=\u00a0\u00bbgrid\u00a0\u00bb][vc_column width=\u00a0\u00bb1\/3&Prime;][\/vc_column][vc_column width=\u00a0\u00bb1\/3&Prime;][vc_single_image image=\u00a0\u00bb267&Prime; img_size=\u00a0\u00bbfull\u00a0\u00bb onclick=\u00a0\u00bblink_image\u00a0\u00bb css=\u00a0\u00bb\u00a0\u00bb][vc_empty_space height=\u00a0\u00bb30px\u00a0\u00bb][\/vc_column][vc_column width=\u00a0\u00bb1\/3&Prime;][vc_single_image image=\u00a0\u00bb266&Prime; img_size=\u00a0\u00bbfull\u00a0\u00bb onclick=\u00a0\u00bblink_image\u00a0\u00bb css=\u00a0\u00bb\u00a0\u00bb][vc_empty_space height=\u00a0\u00bb30px\u00a0\u00bb][\/vc_column][\/vc_row][vc_row row_content_width=\u00a0\u00bbgrid\u00a0\u00bb][vc_column width=\u00a0\u00bb1\/3&Prime;][\/vc_column][vc_column width=\u00a0\u00bb2\/3&Prime;][vc_single_image image=\u00a0\u00bb108&Prime; img_size=\u00a0\u00bbfull\u00a0\u00bb onclick=\u00a0\u00bblink_image\u00a0\u00bb css=\u00a0\u00bb\u00a0\u00bb][vc_empty_space height=\u00a0\u00bb100px\u00a0\u00bb][\/vc_column][\/vc_row][vc_row row_content_width=\u00a0\u00bbgrid\u00a0\u00bb][vc_column][vc_empty_space height=\u00a0\u00bb200px\u00a0\u00bb][vc_separator color=\u00a0\u00bbblack\u00a0\u00bb css=\u00a0\u00bb\u00a0\u00bb][\/vc_column][\/vc_row][vc_row row_content_width=\u00a0\u00bbgrid\u00a0\u00bb][vc_column][vc_empty_space height=\u00a0\u00bb20px\u00a0\u00bb][vc_column_text css=\u00a0\u00bb\u00a0\u00bb] Autres publications [\/vc_column_text][vc_empty_space height=\u00a0\u00bb20px\u00a0\u00bb][vc_row_inner][vc_column_inner [&hellip;]","og_url":"https:\/\/ultra-net-work.com\/dianearnaud\/photos\/","og_site_name":"Diane Arnaud","article_modified_time":"2026-01-07T16:53:10+00:00","twitter_card":"summary_large_image","twitter_misc":{"Dur\u00e9e de lecture estim\u00e9e":"5 minutes"},"schema":{"@context":"https:\/\/schema.org","@graph":[{"@type":"WebPage","@id":"https:\/\/ultra-net-work.com\/dianearnaud\/photos\/","url":"https:\/\/ultra-net-work.com\/dianearnaud\/photos\/","name":"Photos - Diane Arnaud","isPartOf":{"@id":"https:\/\/ultra-net-work.com\/dianearnaud\/#website"},"datePublished":"2025-12-17T17:15:40+00:00","dateModified":"2026-01-07T16:53:10+00:00","breadcrumb":{"@id":"https:\/\/ultra-net-work.com\/dianearnaud\/photos\/#breadcrumb"},"inLanguage":"fr-FR","potentialAction":[{"@type":"ReadAction","target":["https:\/\/ultra-net-work.com\/dianearnaud\/photos\/"]}]},{"@type":"BreadcrumbList","@id":"https:\/\/ultra-net-work.com\/dianearnaud\/photos\/#breadcrumb","itemListElement":[{"@type":"ListItem","position":1,"name":"Accueil","item":"https:\/\/ultra-net-work.com\/dianearnaud\/"},{"@type":"ListItem","position":2,"name":"Photos"}]},{"@type":"WebSite","@id":"https:\/\/ultra-net-work.com\/dianearnaud\/#website","url":"https:\/\/ultra-net-work.com\/dianearnaud\/","name":"Diane Arnaud","description":"","potentialAction":[{"@type":"SearchAction","target":{"@type":"EntryPoint","urlTemplate":"https:\/\/ultra-net-work.com\/dianearnaud\/?s={search_term_string}"},"query-input":{"@type":"PropertyValueSpecification","valueRequired":true,"valueName":"search_term_string"}}],"inLanguage":"fr-FR"}]}},"_links":{"self":[{"href":"https:\/\/ultra-net-work.com\/dianearnaud\/wp-json\/wp\/v2\/pages\/275","targetHints":{"allow":["GET"]}}],"collection":[{"href":"https:\/\/ultra-net-work.com\/dianearnaud\/wp-json\/wp\/v2\/pages"}],"about":[{"href":"https:\/\/ultra-net-work.com\/dianearnaud\/wp-json\/wp\/v2\/types\/page"}],"author":[{"embeddable":true,"href":"https:\/\/ultra-net-work.com\/dianearnaud\/wp-json\/wp\/v2\/users\/1"}],"replies":[{"embeddable":true,"href":"https:\/\/ultra-net-work.com\/dianearnaud\/wp-json\/wp\/v2\/comments?post=275"}],"version-history":[{"count":14,"href":"https:\/\/ultra-net-work.com\/dianearnaud\/wp-json\/wp\/v2\/pages\/275\/revisions"}],"predecessor-version":[{"id":520,"href":"https:\/\/ultra-net-work.com\/dianearnaud\/wp-json\/wp\/v2\/pages\/275\/revisions\/520"}],"wp:attachment":[{"href":"https:\/\/ultra-net-work.com\/dianearnaud\/wp-json\/wp\/v2\/media?parent=275"}],"curies":[{"name":"wp","href":"https:\/\/api.w.org\/{rel}","templated":true}]}}