{"id":531,"date":"2026-01-08T16:09:30","date_gmt":"2026-01-08T15:09:30","guid":{"rendered":"https:\/\/ultra-net-work.com\/dianearnaud\/?page_id=531"},"modified":"2026-01-11T19:09:36","modified_gmt":"2026-01-11T18:09:36","slug":"cv","status":"publish","type":"page","link":"https:\/\/ultra-net-work.com\/dianearnaud\/cv\/","title":{"rendered":"CV"},"content":{"rendered":"<div class=\"wpb-content-wrapper\"><p>[vc_row row_content_width=\u00a0\u00bbgrid\u00a0\u00bb][vc_column][vc_empty_space height=\u00a0\u00bb120px\u00a0\u00bb][vc_column_text css=\u00a0\u00bb\u00a0\u00bb]<\/p>\n<h1 style=\"text-align: center;\">CV<\/h1>\n<p>[\/vc_column_text][vc_empty_space height=\u00a0\u00bb120px\u00a0\u00bb][\/vc_column][\/vc_row][vc_row row_content_width=\u00a0\u00bbgrid\u00a0\u00bb][vc_column width=\u00a0\u00bb1\/3&Prime;][vc_single_image image=\u00a0\u00bb266&Prime; img_size=\u00a0\u00bbfull\u00a0\u00bb onclick=\u00a0\u00bblink_image\u00a0\u00bb css=\u00a0\u00bb\u00a0\u00bb][vc_empty_space height=\u00a0\u00bb30px\u00a0\u00bb][\/vc_column][vc_column width=\u00a0\u00bb2\/3&Prime;][vc_column_text css=\u00a0\u00bb\u00a0\u00bb]<\/p>\n<div style=\"text-align: justify;\">\n<div>\n<p class=\"lead\"><span lang=\"FR\"><strong>Diane Arnaud &#8211; Professeure en esth\u00e9tique cin\u00e9matographique<\/strong><br \/>\n<\/span>UFR LACT &#8211; Lettres, Arts, Cr\u00e9ation et Technologies &#8211; Universit\u00e9 Gustave Eiffel<\/p>\n<\/div>\n<p>&nbsp;<\/p>\n<p style=\"font-weight: 400;\"><strong>Formation <\/strong><\/p>\n<p>2021<br \/>\nHabilitation \u00e0 diriger des recherches en \u00e9tudes cin\u00e9matographiques de l\u2019universit\u00e9 Sorbonne Nouvelle\u00a0: <em>L\u2019Esth\u00e9tique dans un \u00e9tat second\u00a0: le cin\u00e9ma, art du d\u00e9r\u00e8glement<\/em>, garant\u00a0: Fran\u00e7ois Thomas. Jury\u00a0: Jacques Aumont, Claire-Akiko Brisset, Laurent Guido, Jos\u00e9 Moure, Jacqueline Nacache et Fran\u00e7ois Thomas<\/p>\n<p>2003<br \/>\nDoctorat d\u2019\u00e9tudes cin\u00e9matographiques de l\u2019universit\u00e9 Sorbonne Nouvelle\u00a0: <em>Figures d\u2019enfermement dans le cin\u00e9ma de David Lynch et d\u2019Alexandre Sokourov\u00a0: perspectives esth\u00e9tiques du cin\u00e9ma contemporain<\/em>, sous la direction de Murielle Gagnebin. Jury\u00a0: Guy Chapouill\u00e9, Jean-Louis D\u00e9otte, Jean-Louis Leutrat et Murielle Gagnebin. Mention tr\u00e8s honorable avec les f\u00e9licitations du jury \u00e0 l\u2019unanimit\u00e9<\/p>\n<p>1999<br \/>\nDEA d\u2019\u00e9tudes cin\u00e9matographiques et audiovisuelles, universit\u00e9 Sorbonne Nouvelle\u00a0: <em>L\u2019Esth\u00e9tique de l\u2019enfermement dans le cin\u00e9ma de David Lynch<\/em>, sous la direction de Murielle Gagnebin. Mention Tr\u00e8s Bien<\/p>\n<p>1998<br \/>\nMa\u00eetrise d\u2019histoire de l\u2019art, universit\u00e9 Paris\u00a01\u00a0: <em>Figuration de la d\u00e9faite sous la Seconde R\u00e9publique<\/em>, sous la direction de Jean-Philippe Chimot. Mention Tr\u00e8s Bien<\/p>\n<p>1997<br \/>\nLicence d\u2019histoire de l\u2019art, universit\u00e9 Paris\u00a01, Mention Bien<br \/>\nLicence d\u2019anglais, universit\u00e9 Sorbonne Nouvelle, Mention Bien<\/p>\n<p>1996<br \/>\nDipl\u00f4m\u00e9e de l\u2019Essec \u2013 accord d\u2019\u00e9change avec Georgetown University (1995)<\/p>\n<p>&nbsp;<\/p>\n<p style=\"font-weight: 400;\"><strong>Exp\u00e9rience de l\u2019enseignement<\/strong><\/p>\n<p>Depuis 2022<br \/>\nProfesseure en \u00e9tudes cin\u00e9matographiques, universit\u00e9 Gustave Eiffel, UFR LACT (Lettres, Arts, Technologies, Cr\u00e9ation)<\/p>\n<p>2004-2022<br \/>\nMa\u00eetresse de conf\u00e9rences en \u00e9tudes cin\u00e9matographiques, universit\u00e9 Paris 7 (autres noms\u00a0: universit\u00e9 Paris Diderot, universit\u00e9 Paris Cit\u00e9), UFR LAC (Lettres, Arts, Cin\u00e9ma)<br \/>\nCharg\u00e9e de cours, Institut de sciences politiques Paris, master Culture et M\u00e9dias<\/p>\n<p>2003-2004<br \/>\nAttach\u00e9e temporaire de recherche et d\u2019enseignement, universit\u00e9 Paris 7, UFR LAC<\/p>\n<p>2002-2004<br \/>\nCoordinatrice cours option cin\u00e9ma, Deug\u00a02, universit\u00e9 de Tours, UFR Histoire de l\u2019art<\/p>\n<p>2002-2006<br \/>\nFormatrice sp\u00e9cialis\u00e9e dans le dispositif \u00ab\u00a0Lyc\u00e9ens au cin\u00e9ma\u00a0\u00bb et en IUFM pour l\u2019APCVL (programmes long m\u00e9trage et court m\u00e9trage), R\u00e9gion Centre<\/p>\n<p>1999-2003<br \/>\nCharg\u00e9e de cours \u00e0 l\u2019universit\u00e9 Sorbonne Nouvelle, UFR Cin\u00e9ma et Audiovisuel<\/p>\n<p>&nbsp;<\/p>\n<p style=\"font-weight: 400;\"><strong>Responsabilit\u00e9s p\u00e9dagogiques et collectives<\/strong><\/p>\n<p style=\"font-weight: 400;\">Depuis nov. 2025<br \/>\nMembre du conseil de laboratoire LISAA, universit\u00e9 Gustave Eiffel<\/p>\n<p style=\"font-weight: 400;\">Depuis janv. 2024<br \/>\nResponsable du master Cin\u00e9ma et audiovisuel, UFR LACT, universit\u00e9 Gustave Eiffel<\/p>\n<p style=\"font-weight: 400;\">Depuis sept. 2022<br \/>\nDirectrice de l\u2019\u00e9quipe de recherche interne <em>Confluences Cin\u00e9matographiques, Audiovisuelles, Musicales et Arts Num\u00e9riques <\/em>(CCAMAN) au sein du laboratoire de recherche <em>Litt\u00e9ratures, Savoirs et Arts<\/em>(LISAA), universit\u00e9 Gustave Eiffel<\/p>\n<p style=\"font-weight: 400;\">Depuis sept. 2024<br \/>\nMembre de la Commission permanente, UFR LACT, universit\u00e9 Gustave Eiffel<\/p>\n<p style=\"font-weight: 400;\">2021-2022<br \/>\nDirectrice du double master Film Studies pour l\u2019UFR LAC, Universit\u00e9 de Paris<\/p>\n<p style=\"font-weight: 400;\">2021-2022<br \/>\nMembre \u00e9lue au conseil scientifique de l\u2019UFR LAC, universit\u00e9 de Paris<\/p>\n<p style=\"font-weight: 400;\">2016-2018<br \/>\nResponsable p\u00e9dagogique de la L1-L2, R\u00e9orientation active L1-L2, UFR LAC, \u00a0\u00a0\u00a0\u00a0\u00a0\u00a0\u00a0\u00a0\u00a0\u00a0\u00a0\u00a0\u00a0\u00a0\u00a0\u00a0\u00a0\u00a0\u00a0\u00a0\u00a0\u00a0\u00a0 universit\u00e9 Paris Diderot<\/p>\n<p style=\"font-weight: 400;\">2014-2016<br \/>\nResponsable p\u00e9dagogique de la licence\u00a02, Licence arts du spectacle, \u00a0\u00a0\u00a0\u00a0\u00a0\u00a0\u00a0\u00a0\u00a0\u00a0\u00a0\u00a0\u00a0\u00a0\u00a0\u00a0\u00a0\u00a0\u00a0\u00a0\u00a0\u00a0\u00a0\u00a0\u00a0\u00a0\u00a0\u00a0\u00a0\u00a0\u00a0\u00a0\u00a0\u00a0\u00a0\u00a0\u00a0\u00a0\u00a0\u00a0 parcours \u00e9tudes cin\u00e9matographiques, UFR LAC, universit\u00e9 Paris Diderot<\/p>\n<p style=\"font-weight: 400;\">2009-2012<br \/>\nMembre \u00e9lue au conseil scientifique de l\u2019UFR LAC, universit\u00e9 Paris Diderot<\/p>\n<p>2010-2011<br \/>\nResponsable des ateliers cin\u00e9ma de l\u2019UFR LAC (L1-M1), universit\u00e9 Paris Diderot\u00a0: ouverture d\u2019un parcours \u00ab\u00a0Pratique artistique du cin\u00e9ma\u00a0\u00bb en master\u00a01<\/p>\n<p>2006-2011<br \/>\nCoresponsable des ateliers cin\u00e9ma pour les trois ann\u00e9es de licence\u00a0: encadrement du personnel, communication, responsabilit\u00e9 p\u00e9dagogique des ateliers de r\u00e9alisation<\/p>\n<p>2007-2009<br \/>\nCharg\u00e9e de mission cin\u00e9ma \u00e0 la vice-pr\u00e9sidence Vie \u00e9tudiante, Vie culturelle, universit\u00e9 Paris Diderot. Mise en place de Quartier Libre avec MK2 (cin\u00e9-club \u00e9tudiants), Libre Pass Paris Diderot avec la Cin\u00e9math\u00e8que fran\u00e7aise et le service Culture, cr\u00e9ation des Mercredis du cin\u00e9ma (projections-rencontres hebdomadaires)<\/p>\n<p>2005-2006<br \/>\nRepr\u00e9sentante pour le d\u00e9partement LSH (Lettres et Sciences Humaines, 1<sup>er<\/sup> cycle) de la licence d\u2019\u00e9tudes cin\u00e9matographiques, universit\u00e9 7, UFR LAC<\/div>\n<p>[\/vc_column_text][\/vc_column][\/vc_row][vc_row row_content_width=\u00a0\u00bbgrid\u00a0\u00bb][vc_column][vc_empty_space height=\u00a0\u00bb200px\u00a0\u00bb][vc_empty_space height=\u00a0\u00bb100px\u00a0\u00bb el_class=\u00a0\u00bbspace-mobile\u00a0\u00bb][\/vc_column][\/vc_row]<\/p>\n<\/div>","protected":false},"excerpt":{"rendered":"<p>[vc_row row_content_width=\u00a0\u00bbgrid\u00a0\u00bb][vc_column][vc_empty_space height=\u00a0\u00bb120px\u00a0\u00bb][vc_column_text css=\u00a0\u00bb\u00a0\u00bb] CV [\/vc_column_text][vc_empty_space height=\u00a0\u00bb120px\u00a0\u00bb][\/vc_column][\/vc_row][vc_row row_content_width=\u00a0\u00bbgrid\u00a0\u00bb][vc_column width=\u00a0\u00bb1\/3&Prime;][vc_single_image image=\u00a0\u00bb266&Prime; img_size=\u00a0\u00bbfull\u00a0\u00bb onclick=\u00a0\u00bblink_image\u00a0\u00bb css=\u00a0\u00bb\u00a0\u00bb][vc_empty_space height=\u00a0\u00bb30px\u00a0\u00bb][\/vc_column][vc_column width=\u00a0\u00bb2\/3&Prime;][vc_column_text css=\u00a0\u00bb\u00a0\u00bb] Diane Arnaud &#8211; Professeure en esth\u00e9tique cin\u00e9matographique UFR LACT &#8211; Lettres, Arts, Cr\u00e9ation et Technologies &#8211; Universit\u00e9 Gustave Eiffel &nbsp; Formation 2021 Habilitation \u00e0 [&hellip;]<\/p>\n","protected":false},"author":1,"featured_media":0,"parent":0,"menu_order":1,"comment_status":"closed","ping_status":"closed","template":"full-width.php","meta":{"footnotes":""},"class_list":["post-531","page","type-page","status-publish","hentry"],"yoast_head":"<!-- This site is optimized with the Yoast SEO plugin v27.3 - https:\/\/yoast.com\/product\/yoast-seo-wordpress\/ -->\n<title>CV - Diane Arnaud<\/title>\n<meta name=\"robots\" content=\"noindex, follow, max-snippet:-1, max-image-preview:large, max-video-preview:-1\" \/>\n<meta property=\"og:locale\" content=\"fr_FR\" \/>\n<meta property=\"og:type\" content=\"article\" \/>\n<meta property=\"og:title\" content=\"CV - Diane Arnaud\" \/>\n<meta property=\"og:description\" content=\"[vc_row row_content_width=\u00a0\u00bbgrid\u00a0\u00bb][vc_column][vc_empty_space height=\u00a0\u00bb120px\u00a0\u00bb][vc_column_text css=\u00a0\u00bb\u00a0\u00bb] CV [\/vc_column_text][vc_empty_space height=\u00a0\u00bb120px\u00a0\u00bb][\/vc_column][\/vc_row][vc_row row_content_width=\u00a0\u00bbgrid\u00a0\u00bb][vc_column width=\u00a0\u00bb1\/3&Prime;][vc_single_image image=\u00a0\u00bb266&Prime; img_size=\u00a0\u00bbfull\u00a0\u00bb onclick=\u00a0\u00bblink_image\u00a0\u00bb css=\u00a0\u00bb\u00a0\u00bb][vc_empty_space height=\u00a0\u00bb30px\u00a0\u00bb][\/vc_column][vc_column width=\u00a0\u00bb2\/3&Prime;][vc_column_text css=\u00a0\u00bb\u00a0\u00bb] Diane Arnaud &#8211; Professeure en esth\u00e9tique cin\u00e9matographique UFR LACT &#8211; Lettres, Arts, Cr\u00e9ation et Technologies &#8211; Universit\u00e9 Gustave Eiffel &nbsp; Formation 2021 Habilitation \u00e0 [&hellip;]\" \/>\n<meta property=\"og:url\" content=\"https:\/\/ultra-net-work.com\/dianearnaud\/cv\/\" \/>\n<meta property=\"og:site_name\" content=\"Diane Arnaud\" \/>\n<meta property=\"article:modified_time\" content=\"2026-01-11T18:09:36+00:00\" \/>\n<meta name=\"twitter:card\" content=\"summary_large_image\" \/>\n<meta name=\"twitter:label1\" content=\"Dur\u00e9e de lecture estim\u00e9e\" \/>\n\t<meta name=\"twitter:data1\" content=\"4 minutes\" \/>\n<script type=\"application\/ld+json\" class=\"yoast-schema-graph\">{\"@context\":\"https:\\\/\\\/schema.org\",\"@graph\":[{\"@type\":\"WebPage\",\"@id\":\"https:\\\/\\\/ultra-net-work.com\\\/dianearnaud\\\/cv\\\/\",\"url\":\"https:\\\/\\\/ultra-net-work.com\\\/dianearnaud\\\/cv\\\/\",\"name\":\"CV - Diane Arnaud\",\"isPartOf\":{\"@id\":\"https:\\\/\\\/ultra-net-work.com\\\/dianearnaud\\\/#website\"},\"datePublished\":\"2026-01-08T15:09:30+00:00\",\"dateModified\":\"2026-01-11T18:09:36+00:00\",\"breadcrumb\":{\"@id\":\"https:\\\/\\\/ultra-net-work.com\\\/dianearnaud\\\/cv\\\/#breadcrumb\"},\"inLanguage\":\"fr-FR\",\"potentialAction\":[{\"@type\":\"ReadAction\",\"target\":[\"https:\\\/\\\/ultra-net-work.com\\\/dianearnaud\\\/cv\\\/\"]}]},{\"@type\":\"BreadcrumbList\",\"@id\":\"https:\\\/\\\/ultra-net-work.com\\\/dianearnaud\\\/cv\\\/#breadcrumb\",\"itemListElement\":[{\"@type\":\"ListItem\",\"position\":1,\"name\":\"Accueil\",\"item\":\"https:\\\/\\\/ultra-net-work.com\\\/dianearnaud\\\/\"},{\"@type\":\"ListItem\",\"position\":2,\"name\":\"CV\"}]},{\"@type\":\"WebSite\",\"@id\":\"https:\\\/\\\/ultra-net-work.com\\\/dianearnaud\\\/#website\",\"url\":\"https:\\\/\\\/ultra-net-work.com\\\/dianearnaud\\\/\",\"name\":\"Diane Arnaud\",\"description\":\"\",\"potentialAction\":[{\"@type\":\"SearchAction\",\"target\":{\"@type\":\"EntryPoint\",\"urlTemplate\":\"https:\\\/\\\/ultra-net-work.com\\\/dianearnaud\\\/?s={search_term_string}\"},\"query-input\":{\"@type\":\"PropertyValueSpecification\",\"valueRequired\":true,\"valueName\":\"search_term_string\"}}],\"inLanguage\":\"fr-FR\"}]}<\/script>\n<!-- \/ Yoast SEO plugin. -->","yoast_head_json":{"title":"CV - Diane Arnaud","robots":{"index":"noindex","follow":"follow","max-snippet":"max-snippet:-1","max-image-preview":"max-image-preview:large","max-video-preview":"max-video-preview:-1"},"og_locale":"fr_FR","og_type":"article","og_title":"CV - Diane Arnaud","og_description":"[vc_row row_content_width=\u00a0\u00bbgrid\u00a0\u00bb][vc_column][vc_empty_space height=\u00a0\u00bb120px\u00a0\u00bb][vc_column_text css=\u00a0\u00bb\u00a0\u00bb] CV [\/vc_column_text][vc_empty_space height=\u00a0\u00bb120px\u00a0\u00bb][\/vc_column][\/vc_row][vc_row row_content_width=\u00a0\u00bbgrid\u00a0\u00bb][vc_column width=\u00a0\u00bb1\/3&Prime;][vc_single_image image=\u00a0\u00bb266&Prime; img_size=\u00a0\u00bbfull\u00a0\u00bb onclick=\u00a0\u00bblink_image\u00a0\u00bb css=\u00a0\u00bb\u00a0\u00bb][vc_empty_space height=\u00a0\u00bb30px\u00a0\u00bb][\/vc_column][vc_column width=\u00a0\u00bb2\/3&Prime;][vc_column_text css=\u00a0\u00bb\u00a0\u00bb] Diane Arnaud &#8211; Professeure en esth\u00e9tique cin\u00e9matographique UFR LACT &#8211; Lettres, Arts, Cr\u00e9ation et Technologies &#8211; Universit\u00e9 Gustave Eiffel &nbsp; Formation 2021 Habilitation \u00e0 [&hellip;]","og_url":"https:\/\/ultra-net-work.com\/dianearnaud\/cv\/","og_site_name":"Diane Arnaud","article_modified_time":"2026-01-11T18:09:36+00:00","twitter_card":"summary_large_image","twitter_misc":{"Dur\u00e9e de lecture estim\u00e9e":"4 minutes"},"schema":{"@context":"https:\/\/schema.org","@graph":[{"@type":"WebPage","@id":"https:\/\/ultra-net-work.com\/dianearnaud\/cv\/","url":"https:\/\/ultra-net-work.com\/dianearnaud\/cv\/","name":"CV - Diane Arnaud","isPartOf":{"@id":"https:\/\/ultra-net-work.com\/dianearnaud\/#website"},"datePublished":"2026-01-08T15:09:30+00:00","dateModified":"2026-01-11T18:09:36+00:00","breadcrumb":{"@id":"https:\/\/ultra-net-work.com\/dianearnaud\/cv\/#breadcrumb"},"inLanguage":"fr-FR","potentialAction":[{"@type":"ReadAction","target":["https:\/\/ultra-net-work.com\/dianearnaud\/cv\/"]}]},{"@type":"BreadcrumbList","@id":"https:\/\/ultra-net-work.com\/dianearnaud\/cv\/#breadcrumb","itemListElement":[{"@type":"ListItem","position":1,"name":"Accueil","item":"https:\/\/ultra-net-work.com\/dianearnaud\/"},{"@type":"ListItem","position":2,"name":"CV"}]},{"@type":"WebSite","@id":"https:\/\/ultra-net-work.com\/dianearnaud\/#website","url":"https:\/\/ultra-net-work.com\/dianearnaud\/","name":"Diane Arnaud","description":"","potentialAction":[{"@type":"SearchAction","target":{"@type":"EntryPoint","urlTemplate":"https:\/\/ultra-net-work.com\/dianearnaud\/?s={search_term_string}"},"query-input":{"@type":"PropertyValueSpecification","valueRequired":true,"valueName":"search_term_string"}}],"inLanguage":"fr-FR"}]}},"_links":{"self":[{"href":"https:\/\/ultra-net-work.com\/dianearnaud\/wp-json\/wp\/v2\/pages\/531","targetHints":{"allow":["GET"]}}],"collection":[{"href":"https:\/\/ultra-net-work.com\/dianearnaud\/wp-json\/wp\/v2\/pages"}],"about":[{"href":"https:\/\/ultra-net-work.com\/dianearnaud\/wp-json\/wp\/v2\/types\/page"}],"author":[{"embeddable":true,"href":"https:\/\/ultra-net-work.com\/dianearnaud\/wp-json\/wp\/v2\/users\/1"}],"replies":[{"embeddable":true,"href":"https:\/\/ultra-net-work.com\/dianearnaud\/wp-json\/wp\/v2\/comments?post=531"}],"version-history":[{"count":14,"href":"https:\/\/ultra-net-work.com\/dianearnaud\/wp-json\/wp\/v2\/pages\/531\/revisions"}],"predecessor-version":[{"id":550,"href":"https:\/\/ultra-net-work.com\/dianearnaud\/wp-json\/wp\/v2\/pages\/531\/revisions\/550"}],"wp:attachment":[{"href":"https:\/\/ultra-net-work.com\/dianearnaud\/wp-json\/wp\/v2\/media?parent=531"}],"curies":[{"name":"wp","href":"https:\/\/api.w.org\/{rel}","templated":true}]}}