{"id":70,"date":"2025-06-30T20:54:26","date_gmt":"2025-06-30T18:54:26","guid":{"rendered":"https:\/\/ultra-net-work.com\/galerie-elysee\/?page_id=70"},"modified":"2025-07-04T13:44:00","modified_gmt":"2025-07-04T11:44:00","slug":"achat-estimations","status":"publish","type":"page","link":"https:\/\/ultra-net-work.com\/galerie-elysee\/achat-estimations\/","title":{"rendered":"Achat-Estimations"},"content":{"rendered":"<div class=\"wpb-content-wrapper\"><p>[vc_row css=\u00a0\u00bb.vc_custom_1751303624352{padding-top: 5% !important;padding-right: 10% !important;padding-bottom: 5% !important;padding-left: 10% !important;background-color: #FFFFFF !important;}\u00a0\u00bb][vc_column][vc_column_text css=\u00a0\u00bb\u00a0\u00bb]<\/p>\n<h2>Achat-Estimations<\/h2>\n<p>[\/vc_column_text][vc_separator color=\u00a0\u00bbblack\u00a0\u00bb border_width=\u00a0\u00bb2&Prime; css=\u00a0\u00bb\u00a0\u00bb][\/vc_column][\/vc_row][vc_row css=\u00a0\u00bb.vc_custom_1751303624352{padding-top: 5% !important;padding-right: 10% !important;padding-bottom: 5% !important;padding-left: 10% !important;background-color: #FFFFFF !important;}\u00a0\u00bb][vc_column width=\u00a0\u00bb1\/2&Prime;][vc_single_image image=\u00a0\u00bb248&Prime; img_size=\u00a0\u00bbfull\u00a0\u00bb alignment=\u00a0\u00bbcenter\u00a0\u00bb css=\u00a0\u00bb\u00a0\u00bb][\/vc_column][vc_column width=\u00a0\u00bb1\/2&Prime;][vc_empty_space height=\u00a0\u00bb315px\u00a0\u00bb][vc_column_text css=\u00a0\u00bb\u00a0\u00bb]<\/p>\n<div style=\"text-align: justify;\">\n<p>La Galerie de l&rsquo;\u00c9lys\u00e9e expertise gratuitement vos tableaux et sculptures d&rsquo;art moderne \u00e0 Paris et \u00e0 l&rsquo;\u00e9tranger. Assist\u00e9 d&rsquo;une \u00e9quipe d&rsquo;experts agr\u00e9\u00e9s, la galerie de l&rsquo;\u00c9lys\u00e9e vous propose un service personnalis\u00e9, adapt\u00e9 \u00e0 vos besoins pour l&rsquo;\u00e9valuation de tous vos tableaux d&rsquo;art moderne. Notre \u00e9quipe de sp\u00e9cialistes met \u00e0 votre disposition son expertise pour vous garantir une estimation au prix le plus juste, sous 48h. Nous disposons \u00e9galement d&rsquo;un service achat. Les prise de rendez-vous s&rsquo;effectuent avec rapidit\u00e9 aussi bien en France qu&rsquo;\u00e0 l\u2019\u00e9tranger. Les achats sont effectu\u00e9s au comptant. Aucun frais annexes n&rsquo;est \u00e0 charge du vendeur. Le paiement est imm\u00e9diat et certifi\u00e9 et la confidentialit\u00e9 garantie.[\/vc_column_text][\/vc_column][\/vc_row][vc_row][vc_column][vc_empty_space height=\u00a0\u00bb150px\u00a0\u00bb][vc_column_text]<\/p>\n<\/div>\n<p>[\/vc_column_text][\/vc_column][\/vc_row]<\/p>\n<\/div>","protected":false},"excerpt":{"rendered":"<p>[vc_row css=\u00a0\u00bb.vc_custom_1751303624352{padding-top: 5% !important;padding-right: 10% !important;padding-bottom: 5% !important;padding-left: 10% !important;background-color: #FFFFFF !important;}\u00a0\u00bb][vc_column][vc_column_text css=\u00a0\u00bb\u00a0\u00bb] Achat-Estimations [\/vc_column_text][vc_separator color=\u00a0\u00bbblack\u00a0\u00bb border_width=\u00a0\u00bb2&Prime; css=\u00a0\u00bb\u00a0\u00bb][\/vc_column][\/vc_row][vc_row css=\u00a0\u00bb.vc_custom_1751303624352{padding-top: 5% !important;padding-right: 10% !important;padding-bottom: 5% !important;padding-left: 10% !important;background-color: #FFFFFF !important;}\u00a0\u00bb][vc_column width=\u00a0\u00bb1\/2&Prime;][vc_single_image image=\u00a0\u00bb248&Prime; img_size=\u00a0\u00bbfull\u00a0\u00bb alignment=\u00a0\u00bbcenter\u00a0\u00bb css=\u00a0\u00bb\u00a0\u00bb][\/vc_column][vc_column width=\u00a0\u00bb1\/2&Prime;][vc_empty_space height=\u00a0\u00bb315px\u00a0\u00bb][vc_column_text css=\u00a0\u00bb\u00a0\u00bb] La Galerie de [&hellip;]<\/p>\n","protected":false},"author":1,"featured_media":0,"parent":0,"menu_order":4,"comment_status":"closed","ping_status":"closed","template":"full-width.php","meta":{"footnotes":""},"class_list":["post-70","page","type-page","status-publish","hentry"],"yoast_head":"<!-- This site is optimized with the Yoast SEO plugin v25.6 - https:\/\/yoast.com\/wordpress\/plugins\/seo\/ -->\n<title>Achat-Estimations - Galerie de l&#039;Elysee<\/title>\n<meta name=\"robots\" content=\"noindex, follow, max-snippet:-1, max-image-preview:large, max-video-preview:-1\" \/>\n<meta property=\"og:locale\" content=\"fr_FR\" \/>\n<meta property=\"og:type\" content=\"article\" \/>\n<meta property=\"og:title\" content=\"Achat-Estimations - Galerie de l&#039;Elysee\" \/>\n<meta property=\"og:description\" content=\"[vc_row css=\u00a0\u00bb.vc_custom_1751303624352{padding-top: 5% !important;padding-right: 10% !important;padding-bottom: 5% !important;padding-left: 10% !important;background-color: #FFFFFF !important;}\u00a0\u00bb][vc_column][vc_column_text css=\u00a0\u00bb\u00a0\u00bb] Achat-Estimations [\/vc_column_text][vc_separator color=\u00a0\u00bbblack\u00a0\u00bb border_width=\u00a0\u00bb2&Prime; css=\u00a0\u00bb\u00a0\u00bb][\/vc_column][\/vc_row][vc_row css=\u00a0\u00bb.vc_custom_1751303624352{padding-top: 5% !important;padding-right: 10% !important;padding-bottom: 5% !important;padding-left: 10% !important;background-color: #FFFFFF !important;}\u00a0\u00bb][vc_column width=\u00a0\u00bb1\/2&Prime;][vc_single_image image=\u00a0\u00bb248&Prime; img_size=\u00a0\u00bbfull\u00a0\u00bb alignment=\u00a0\u00bbcenter\u00a0\u00bb css=\u00a0\u00bb\u00a0\u00bb][\/vc_column][vc_column width=\u00a0\u00bb1\/2&Prime;][vc_empty_space height=\u00a0\u00bb315px\u00a0\u00bb][vc_column_text css=\u00a0\u00bb\u00a0\u00bb] La Galerie de [&hellip;]\" \/>\n<meta property=\"og:url\" content=\"https:\/\/ultra-net-work.com\/galerie-elysee\/achat-estimations\/\" \/>\n<meta property=\"og:site_name\" content=\"Galerie de l&#039;Elysee\" \/>\n<meta property=\"article:modified_time\" content=\"2025-07-04T11:44:00+00:00\" \/>\n<meta name=\"twitter:card\" content=\"summary_large_image\" \/>\n<meta name=\"twitter:label1\" content=\"Dur\u00e9e de lecture estim\u00e9e\" \/>\n\t<meta name=\"twitter:data1\" content=\"1 minute\" \/>\n<script type=\"application\/ld+json\" class=\"yoast-schema-graph\">{\"@context\":\"https:\/\/schema.org\",\"@graph\":[{\"@type\":\"WebPage\",\"@id\":\"https:\/\/ultra-net-work.com\/galerie-elysee\/achat-estimations\/\",\"url\":\"https:\/\/ultra-net-work.com\/galerie-elysee\/achat-estimations\/\",\"name\":\"Achat-Estimations - Galerie de l&#039;Elysee\",\"isPartOf\":{\"@id\":\"https:\/\/ultra-net-work.com\/galerie-elysee\/#website\"},\"datePublished\":\"2025-06-30T18:54:26+00:00\",\"dateModified\":\"2025-07-04T11:44:00+00:00\",\"breadcrumb\":{\"@id\":\"https:\/\/ultra-net-work.com\/galerie-elysee\/achat-estimations\/#breadcrumb\"},\"inLanguage\":\"fr-FR\",\"potentialAction\":[{\"@type\":\"ReadAction\",\"target\":[\"https:\/\/ultra-net-work.com\/galerie-elysee\/achat-estimations\/\"]}]},{\"@type\":\"BreadcrumbList\",\"@id\":\"https:\/\/ultra-net-work.com\/galerie-elysee\/achat-estimations\/#breadcrumb\",\"itemListElement\":[{\"@type\":\"ListItem\",\"position\":1,\"name\":\"Accueil\",\"item\":\"https:\/\/ultra-net-work.com\/galerie-elysee\/\"},{\"@type\":\"ListItem\",\"position\":2,\"name\":\"Achat-Estimations\"}]},{\"@type\":\"WebSite\",\"@id\":\"https:\/\/ultra-net-work.com\/galerie-elysee\/#website\",\"url\":\"https:\/\/ultra-net-work.com\/galerie-elysee\/\",\"name\":\"Galerie de l&#039;Elysee\",\"description\":\"\",\"potentialAction\":[{\"@type\":\"SearchAction\",\"target\":{\"@type\":\"EntryPoint\",\"urlTemplate\":\"https:\/\/ultra-net-work.com\/galerie-elysee\/?s={search_term_string}\"},\"query-input\":{\"@type\":\"PropertyValueSpecification\",\"valueRequired\":true,\"valueName\":\"search_term_string\"}}],\"inLanguage\":\"fr-FR\"}]}<\/script>\n<!-- \/ Yoast SEO plugin. -->","yoast_head_json":{"title":"Achat-Estimations - Galerie de l&#039;Elysee","robots":{"index":"noindex","follow":"follow","max-snippet":"max-snippet:-1","max-image-preview":"max-image-preview:large","max-video-preview":"max-video-preview:-1"},"og_locale":"fr_FR","og_type":"article","og_title":"Achat-Estimations - Galerie de l&#039;Elysee","og_description":"[vc_row css=\u00a0\u00bb.vc_custom_1751303624352{padding-top: 5% !important;padding-right: 10% !important;padding-bottom: 5% !important;padding-left: 10% !important;background-color: #FFFFFF !important;}\u00a0\u00bb][vc_column][vc_column_text css=\u00a0\u00bb\u00a0\u00bb] Achat-Estimations [\/vc_column_text][vc_separator color=\u00a0\u00bbblack\u00a0\u00bb border_width=\u00a0\u00bb2&Prime; css=\u00a0\u00bb\u00a0\u00bb][\/vc_column][\/vc_row][vc_row css=\u00a0\u00bb.vc_custom_1751303624352{padding-top: 5% !important;padding-right: 10% !important;padding-bottom: 5% !important;padding-left: 10% !important;background-color: #FFFFFF !important;}\u00a0\u00bb][vc_column width=\u00a0\u00bb1\/2&Prime;][vc_single_image image=\u00a0\u00bb248&Prime; img_size=\u00a0\u00bbfull\u00a0\u00bb alignment=\u00a0\u00bbcenter\u00a0\u00bb css=\u00a0\u00bb\u00a0\u00bb][\/vc_column][vc_column width=\u00a0\u00bb1\/2&Prime;][vc_empty_space height=\u00a0\u00bb315px\u00a0\u00bb][vc_column_text css=\u00a0\u00bb\u00a0\u00bb] La Galerie de [&hellip;]","og_url":"https:\/\/ultra-net-work.com\/galerie-elysee\/achat-estimations\/","og_site_name":"Galerie de l&#039;Elysee","article_modified_time":"2025-07-04T11:44:00+00:00","twitter_card":"summary_large_image","twitter_misc":{"Dur\u00e9e de lecture estim\u00e9e":"1 minute"},"schema":{"@context":"https:\/\/schema.org","@graph":[{"@type":"WebPage","@id":"https:\/\/ultra-net-work.com\/galerie-elysee\/achat-estimations\/","url":"https:\/\/ultra-net-work.com\/galerie-elysee\/achat-estimations\/","name":"Achat-Estimations - Galerie de l&#039;Elysee","isPartOf":{"@id":"https:\/\/ultra-net-work.com\/galerie-elysee\/#website"},"datePublished":"2025-06-30T18:54:26+00:00","dateModified":"2025-07-04T11:44:00+00:00","breadcrumb":{"@id":"https:\/\/ultra-net-work.com\/galerie-elysee\/achat-estimations\/#breadcrumb"},"inLanguage":"fr-FR","potentialAction":[{"@type":"ReadAction","target":["https:\/\/ultra-net-work.com\/galerie-elysee\/achat-estimations\/"]}]},{"@type":"BreadcrumbList","@id":"https:\/\/ultra-net-work.com\/galerie-elysee\/achat-estimations\/#breadcrumb","itemListElement":[{"@type":"ListItem","position":1,"name":"Accueil","item":"https:\/\/ultra-net-work.com\/galerie-elysee\/"},{"@type":"ListItem","position":2,"name":"Achat-Estimations"}]},{"@type":"WebSite","@id":"https:\/\/ultra-net-work.com\/galerie-elysee\/#website","url":"https:\/\/ultra-net-work.com\/galerie-elysee\/","name":"Galerie de l&#039;Elysee","description":"","potentialAction":[{"@type":"SearchAction","target":{"@type":"EntryPoint","urlTemplate":"https:\/\/ultra-net-work.com\/galerie-elysee\/?s={search_term_string}"},"query-input":{"@type":"PropertyValueSpecification","valueRequired":true,"valueName":"search_term_string"}}],"inLanguage":"fr-FR"}]}},"_links":{"self":[{"href":"https:\/\/ultra-net-work.com\/galerie-elysee\/wp-json\/wp\/v2\/pages\/70","targetHints":{"allow":["GET"]}}],"collection":[{"href":"https:\/\/ultra-net-work.com\/galerie-elysee\/wp-json\/wp\/v2\/pages"}],"about":[{"href":"https:\/\/ultra-net-work.com\/galerie-elysee\/wp-json\/wp\/v2\/types\/page"}],"author":[{"embeddable":true,"href":"https:\/\/ultra-net-work.com\/galerie-elysee\/wp-json\/wp\/v2\/users\/1"}],"replies":[{"embeddable":true,"href":"https:\/\/ultra-net-work.com\/galerie-elysee\/wp-json\/wp\/v2\/comments?post=70"}],"version-history":[{"count":15,"href":"https:\/\/ultra-net-work.com\/galerie-elysee\/wp-json\/wp\/v2\/pages\/70\/revisions"}],"predecessor-version":[{"id":259,"href":"https:\/\/ultra-net-work.com\/galerie-elysee\/wp-json\/wp\/v2\/pages\/70\/revisions\/259"}],"wp:attachment":[{"href":"https:\/\/ultra-net-work.com\/galerie-elysee\/wp-json\/wp\/v2\/media?parent=70"}],"curies":[{"name":"wp","href":"https:\/\/api.w.org\/{rel}","templated":true}]}}