{"id":1487,"date":"2025-02-24T01:23:48","date_gmt":"2025-02-24T00:23:48","guid":{"rendered":"https:\/\/ultra-net-work.com\/motto\/?page_id=1487"},"modified":"2025-02-24T01:23:48","modified_gmt":"2025-02-24T00:23:48","slug":"rgpd","status":"publish","type":"page","link":"https:\/\/ultra-net-work.com\/motto\/rgpd\/","title":{"rendered":"RGPD"},"content":{"rendered":"<div class=\"wpb-content-wrapper\"><p>[vc_row][vc_column][vc_separator color=\u00a0\u00bbblack\u00a0\u00bb border_width=\u00a0\u00bb2&Prime; css=\u00a0\u00bb.vc_custom_1727427423169{padding-top: 20px !important;padding-bottom: 20px !important;}\u00a0\u00bb][vc_empty_space height=\u00a0\u00bb150px\u00a0\u00bb][vc_empty_space height=\u00a0\u00bb100px\u00a0\u00bb][\/vc_column][\/vc_row][vc_row][vc_column width=\u00a0\u00bb1\/4&Prime;][vc_empty_space height=\u00a0\u00bb90px\u00a0\u00bb][\/vc_column][vc_column width=\u00a0\u00bb3\/4&Prime;][vc_column_text]<strong>POLITIQUE DE CONFIDENTIALITE (CONFORMITE RGPD)<\/strong><\/p>\n<p><strong>\u00a0<\/strong><\/p>\n<ul>\n<li><strong>Introduction<\/strong><\/li>\n<\/ul>\n<p>&nbsp;<\/p>\n<p>Dans le cadre de son activit\u00e9, Motto est amen\u00e9e \u00e0 collecter et traiter des informations concernant les utilisateurs de ses services. Nous nous engageons \u00e0 respecter la confidentialit\u00e9 des donn\u00e9es personnelles et \u00e0 les prot\u00e9ger conform\u00e9ment aux dispositions du R\u00e8glement G\u00e9n\u00e9ral sur la Protection des Donn\u00e9es (RGPD).<\/p>\n<p>&nbsp;<\/p>\n<ul>\n<li><strong>Responsabilit\u00e9 du traitement des donn\u00e9es<\/strong><\/li>\n<\/ul>\n<p>&nbsp;<\/p>\n<p>Le responsable du traitement des donn\u00e9es est HIS INTERNATIONAL TOURS France, dont le si\u00e8ge social est situ\u00e9 \u00e0 2 rue du renard, 75004 PARIS. Vous pouvez nous contacter pour toute question relative \u00e0 vos donn\u00e9es \u00e0 l\u2019adresse suivante <a href=\"&#x6d;&#97;&#x69;&#x6c;&#116;&#x6f;&#58;c&#x6f;&#110;t&#x61;&#99;t&#x40;&#119;e&#x61;&#114;&#x65;&#x6d;&#111;&#x74;&#x74;&#111;&#x2e;&#102;r\">&#x63;o&#x6e;&#116;&#x61;&#99;t&#x40;&#119;&#x65;&#97;r&#x65;&#109;&#x6f;&#116;t&#x6f;&#46;&#x66;&#114;<\/a><\/p>\n<p><strong>\u00a0<\/strong><\/p>\n<ul>\n<li><strong>Donn\u00e9es collect\u00e9es<\/strong><\/li>\n<\/ul>\n<p>&nbsp;<\/p>\n<p>Nous collectons les types de donn\u00e9es suivants :<\/p>\n<ul>\n<li>Informations d&rsquo;identification (nom, pr\u00e9nom, adresse postale, adresse e-mail, num\u00e9ro de t\u00e9l\u00e9phone)<\/li>\n<li>Donn\u00e9es de connexion (adresse IP, logs, informations de navigation)<\/li>\n<li>Informations relatives aux transactions (donn\u00e9es de paiement, historique des achats)<\/li>\n<\/ul>\n<p>&nbsp;<\/p>\n<p><strong>\u00a0<\/strong><\/p>\n<ul>\n<li><strong>Finalit\u00e9s du traitement<\/strong><\/li>\n<\/ul>\n<p>&nbsp;<\/p>\n<p>Nous utilisons vos donn\u00e9es personnelles pour les finalit\u00e9s suivantes :<\/p>\n<ul>\n<li>Ex\u00e9cution des commandes et gestion de la relation client<\/li>\n<li>Envoi de newsletters, offres promotionnelles, et autres informations marketing (avec consentement pr\u00e9alable)<\/li>\n<li>Analyse de l&rsquo;audience et am\u00e9lioration de nos services<\/li>\n<li>Gestion des litiges et recouvrement de cr\u00e9ances<\/li>\n<\/ul>\n<p><strong>\u00a0<\/strong><\/p>\n<ul>\n<li><strong>Base l\u00e9gale du traitement<\/strong><\/li>\n<\/ul>\n<p>&nbsp;<\/p>\n<p>Le traitement des donn\u00e9es repose sur les bases l\u00e9gales suivantes :<\/p>\n<ul>\n<li>Ex\u00e9cution d\u2019un contrat : lorsque nous traitons des donn\u00e9es n\u00e9cessaires \u00e0 l\u2019ex\u00e9cution d\u2019un contrat (par exemple, pour une commande).<\/li>\n<li>Consentement : pour l&rsquo;envoi de newsletters ou autres communications marketing, votre consentement est requis.<\/li>\n<li>Int\u00e9r\u00eat l\u00e9gitime : pour am\u00e9liorer nos services ou g\u00e9rer la s\u00e9curit\u00e9 du site.<\/li>\n<\/ul>\n<p><strong>\u00a0<\/strong><\/p>\n<ul>\n<li><strong>Dur\u00e9e de conservation des donn\u00e9es<\/strong><\/li>\n<\/ul>\n<p>&nbsp;<\/p>\n<p>Les donn\u00e9es personnelles sont conserv\u00e9es uniquement pour la dur\u00e9e n\u00e9cessaire aux finalit\u00e9s pour lesquelles elles sont collect\u00e9es, conform\u00e9ment \u00e0 la l\u00e9gislation applicable. Les donn\u00e9es collect\u00e9es \u00e0 des fins de marketing sont conserv\u00e9es pendant 5 ans \u00e0 compter du dernier contact avec vous.<\/p>\n<p>&nbsp;<\/p>\n<ul>\n<li><strong>Destinataires des donn\u00e9es<\/strong><\/li>\n<\/ul>\n<p><strong>\u00a0<\/strong><\/p>\n<p>Vos donn\u00e9es personnelles peuvent \u00eatre partag\u00e9es avec :<\/p>\n<ul>\n<li>Nos prestataires de services et sous-traitants (h\u00e9bergement, maintenance, transporteurs, etc.)<\/li>\n<li>Les autorit\u00e9s comp\u00e9tentes dans le cadre d&rsquo;obligations l\u00e9gales<\/li>\n<\/ul>\n<p><strong>\u00a0<\/strong><\/p>\n<ul>\n<li><strong>Transfert de donn\u00e9es hors de l&rsquo;Union Europ\u00e9enne<\/strong><\/li>\n<\/ul>\n<p>&nbsp;<\/p>\n<p>Si vos donn\u00e9es sont transf\u00e9r\u00e9es en dehors de l&rsquo;Union Europ\u00e9enne, nous veillons \u00e0 ce qu&rsquo;elles b\u00e9n\u00e9ficient du m\u00eame niveau de protection que dans l&rsquo;UE, notamment en signant des clauses contractuelles types ou en s&rsquo;assurant que les pays de destination disposent de d\u00e9cisions d&rsquo;ad\u00e9quation.<\/p>\n<p><strong>\u00a0<\/strong><\/p>\n<ul>\n<li><strong>Vos droits<\/strong><\/li>\n<\/ul>\n<p>Conform\u00e9ment au RGPD, vous disposez des droits suivants :<\/p>\n<ul>\n<li>Droit d&rsquo;acc\u00e8s : vous pouvez obtenir une copie des donn\u00e9es personnelles que nous d\u00e9tenons sur vous.<\/li>\n<li>Droit de rectification : vous pouvez demander la correction des donn\u00e9es inexactes ou incompl\u00e8tes.<\/li>\n<li>Droit \u00e0 l&rsquo;effacement : dans certaines circonstances, vous pouvez demander la suppression de vos donn\u00e9es personnelles.<\/li>\n<li>Droit \u00e0 la limitation du traitement : vous pouvez demander la suspension du traitement de vos donn\u00e9es dans certains cas.<\/li>\n<li>Droit d\u2019opposition : vous pouvez vous opposer \u00e0 l\u2019utilisation de vos donn\u00e9es \u00e0 des fins de marketing direct.<\/li>\n<li>Droit \u00e0 la portabilit\u00e9 des donn\u00e9es : vous avez le droit de recevoir vos donn\u00e9es dans un format structur\u00e9 et de les transmettre \u00e0 &#8211; un autre responsable de traitement.<\/li>\n<\/ul>\n<p>&nbsp;<\/p>\n<ul>\n<li><strong>Exercice de vos droits<\/strong><\/li>\n<\/ul>\n<p>&nbsp;<\/p>\n<p>Pour exercer vos droits, vous pouvez nous contacter \u00e0 l\u2019adresse suivante : <u>c&#111;&#110;&#x74;&#x61;&#x63;t&#64;&#119;&#101;&#x61;&#x72;&#x65;m&#111;&#116;&#116;&#x6f;&#x2e;&#x66;r<\/u>. Nous vous r\u00e9pondrons dans un d\u00e9lai de 1 mois \u00e0 compter de la r\u00e9ception de votre demande.<\/p>\n<p>&nbsp;<\/p>\n<ul>\n<li><strong>S\u00e9curit\u00e9 des donn\u00e9es<\/strong><\/li>\n<\/ul>\n<p>&nbsp;<\/p>\n<p>Nous mettons en \u0153uvre des mesures techniques et organisationnelles adapt\u00e9es pour assurer la s\u00e9curit\u00e9 et la confidentialit\u00e9 de vos donn\u00e9es personnelles, et pr\u00e9venir leur alt\u00e9ration, perte, destruction ou acc\u00e8s non autoris\u00e9.<\/p>\n<p>&nbsp;<\/p>\n<ul>\n<li><strong>Modification de la politique de confidentialit\u00e9<\/strong><\/li>\n<\/ul>\n<p><strong>\u00a0<\/strong><\/p>\n<p>Cette politique peut \u00eatre modifi\u00e9e \u00e0 tout moment. Toute modification sera publi\u00e9e sur cette page avec une mise \u00e0 jour de la date de r\u00e9vision.<\/p>\n<p>&nbsp;<\/p>\n<ul>\n<li><strong>R\u00e9clamation<\/strong><\/li>\n<\/ul>\n<p>&nbsp;<\/p>\n<p>Si vous estimez que vos droits n&rsquo;ont pas \u00e9t\u00e9 respect\u00e9s, vous pouvez adresser une r\u00e9clamation \u00e0 l\u2019autorit\u00e9 comp\u00e9tente en mati\u00e8re de protection des donn\u00e9es. En France, il s&rsquo;agit de la CNIL.<\/p>\n<p><strong>\u00a0<\/strong><\/p>\n<p>[\/vc_column_text][vc_empty_space height=\u00a0\u00bb100px\u00a0\u00bb][\/vc_column][\/vc_row][vc_row][vc_column][vc_empty_space height=\u00a0\u00bb200px\u00a0\u00bb][\/vc_column][\/vc_row]<\/p>\n<\/div>","protected":false},"excerpt":{"rendered":"<p>[vc_row][vc_column][vc_separator color=\u00a0\u00bbblack\u00a0\u00bb border_width=\u00a0\u00bb2&Prime; css=\u00a0\u00bb.vc_custom_1727427423169{padding-top: 20px !important;padding-bottom: 20px !important;}\u00a0\u00bb][vc_empty_space height=\u00a0\u00bb150px\u00a0\u00bb][vc_empty_space height=\u00a0\u00bb100px\u00a0\u00bb][\/vc_column][\/vc_row][vc_row][vc_column width=\u00a0\u00bb1\/4&Prime;][vc_empty_space height=\u00a0\u00bb90px\u00a0\u00bb][\/vc_column][vc_column width=\u00a0\u00bb3\/4&Prime;][vc_column_text]POLITIQUE DE CONFIDENTIALITE (CONFORMITE RGPD) \u00a0 Introduction &nbsp; Dans le cadre de son activit\u00e9, Motto est amen\u00e9e \u00e0 collecter et traiter des informations concernant les utilisateurs de ses [&hellip;]<\/p>\n","protected":false},"author":1,"featured_media":0,"parent":0,"menu_order":1,"comment_status":"closed","ping_status":"closed","template":"","meta":{"footnotes":""},"class_list":["post-1487","page","type-page","status-publish","hentry"],"yoast_head":"<!-- This site is optimized with the Yoast SEO plugin v24.6 - https:\/\/yoast.com\/wordpress\/plugins\/seo\/ -->\n<title>RGPD - Motto<\/title>\n<meta name=\"robots\" content=\"noindex, follow, max-snippet:-1, max-image-preview:large, max-video-preview:-1\" \/>\n<meta property=\"og:locale\" content=\"fr_FR\" \/>\n<meta property=\"og:type\" content=\"article\" \/>\n<meta property=\"og:title\" content=\"RGPD - Motto\" \/>\n<meta property=\"og:description\" content=\"[vc_row][vc_column][vc_separator color=\u00a0\u00bbblack\u00a0\u00bb border_width=\u00a0\u00bb2&Prime; css=\u00a0\u00bb.vc_custom_1727427423169{padding-top: 20px !important;padding-bottom: 20px !important;}\u00a0\u00bb][vc_empty_space height=\u00a0\u00bb150px\u00a0\u00bb][vc_empty_space height=\u00a0\u00bb100px\u00a0\u00bb][\/vc_column][\/vc_row][vc_row][vc_column width=\u00a0\u00bb1\/4&Prime;][vc_empty_space height=\u00a0\u00bb90px\u00a0\u00bb][\/vc_column][vc_column width=\u00a0\u00bb3\/4&Prime;][vc_column_text]POLITIQUE DE CONFIDENTIALITE (CONFORMITE RGPD) \u00a0 Introduction &nbsp; Dans le cadre de son activit\u00e9, Motto est amen\u00e9e \u00e0 collecter et traiter des informations concernant les utilisateurs de ses [&hellip;]\" \/>\n<meta property=\"og:url\" content=\"https:\/\/ultra-net-work.com\/motto\/rgpd\/\" \/>\n<meta property=\"og:site_name\" content=\"Motto\" \/>\n<meta name=\"twitter:card\" content=\"summary_large_image\" \/>\n<meta name=\"twitter:label1\" content=\"Dur\u00e9e de lecture estim\u00e9e\" \/>\n\t<meta name=\"twitter:data1\" content=\"4 minutes\" \/>\n<script type=\"application\/ld+json\" class=\"yoast-schema-graph\">{\"@context\":\"https:\/\/schema.org\",\"@graph\":[{\"@type\":\"WebPage\",\"@id\":\"https:\/\/ultra-net-work.com\/motto\/rgpd\/\",\"url\":\"https:\/\/ultra-net-work.com\/motto\/rgpd\/\",\"name\":\"RGPD - Motto\",\"isPartOf\":{\"@id\":\"https:\/\/ultra-net-work.com\/motto\/#website\"},\"datePublished\":\"2025-02-24T00:23:48+00:00\",\"breadcrumb\":{\"@id\":\"https:\/\/ultra-net-work.com\/motto\/rgpd\/#breadcrumb\"},\"inLanguage\":\"fr-FR\",\"potentialAction\":[{\"@type\":\"ReadAction\",\"target\":[\"https:\/\/ultra-net-work.com\/motto\/rgpd\/\"]}]},{\"@type\":\"BreadcrumbList\",\"@id\":\"https:\/\/ultra-net-work.com\/motto\/rgpd\/#breadcrumb\",\"itemListElement\":[{\"@type\":\"ListItem\",\"position\":1,\"name\":\"Accueil\",\"item\":\"https:\/\/ultra-net-work.com\/motto\/\"},{\"@type\":\"ListItem\",\"position\":2,\"name\":\"RGPD\"}]},{\"@type\":\"WebSite\",\"@id\":\"https:\/\/ultra-net-work.com\/motto\/#website\",\"url\":\"https:\/\/ultra-net-work.com\/motto\/\",\"name\":\"Motto\",\"description\":\"\",\"potentialAction\":[{\"@type\":\"SearchAction\",\"target\":{\"@type\":\"EntryPoint\",\"urlTemplate\":\"https:\/\/ultra-net-work.com\/motto\/?s={search_term_string}\"},\"query-input\":{\"@type\":\"PropertyValueSpecification\",\"valueRequired\":true,\"valueName\":\"search_term_string\"}}],\"inLanguage\":\"fr-FR\"}]}<\/script>\n<!-- \/ Yoast SEO plugin. -->","yoast_head_json":{"title":"RGPD - Motto","robots":{"index":"noindex","follow":"follow","max-snippet":"max-snippet:-1","max-image-preview":"max-image-preview:large","max-video-preview":"max-video-preview:-1"},"og_locale":"fr_FR","og_type":"article","og_title":"RGPD - Motto","og_description":"[vc_row][vc_column][vc_separator color=\u00a0\u00bbblack\u00a0\u00bb border_width=\u00a0\u00bb2&Prime; css=\u00a0\u00bb.vc_custom_1727427423169{padding-top: 20px !important;padding-bottom: 20px !important;}\u00a0\u00bb][vc_empty_space height=\u00a0\u00bb150px\u00a0\u00bb][vc_empty_space height=\u00a0\u00bb100px\u00a0\u00bb][\/vc_column][\/vc_row][vc_row][vc_column width=\u00a0\u00bb1\/4&Prime;][vc_empty_space height=\u00a0\u00bb90px\u00a0\u00bb][\/vc_column][vc_column width=\u00a0\u00bb3\/4&Prime;][vc_column_text]POLITIQUE DE CONFIDENTIALITE (CONFORMITE RGPD) \u00a0 Introduction &nbsp; Dans le cadre de son activit\u00e9, Motto est amen\u00e9e \u00e0 collecter et traiter des informations concernant les utilisateurs de ses [&hellip;]","og_url":"https:\/\/ultra-net-work.com\/motto\/rgpd\/","og_site_name":"Motto","twitter_card":"summary_large_image","twitter_misc":{"Dur\u00e9e de lecture estim\u00e9e":"4 minutes"},"schema":{"@context":"https:\/\/schema.org","@graph":[{"@type":"WebPage","@id":"https:\/\/ultra-net-work.com\/motto\/rgpd\/","url":"https:\/\/ultra-net-work.com\/motto\/rgpd\/","name":"RGPD - Motto","isPartOf":{"@id":"https:\/\/ultra-net-work.com\/motto\/#website"},"datePublished":"2025-02-24T00:23:48+00:00","breadcrumb":{"@id":"https:\/\/ultra-net-work.com\/motto\/rgpd\/#breadcrumb"},"inLanguage":"fr-FR","potentialAction":[{"@type":"ReadAction","target":["https:\/\/ultra-net-work.com\/motto\/rgpd\/"]}]},{"@type":"BreadcrumbList","@id":"https:\/\/ultra-net-work.com\/motto\/rgpd\/#breadcrumb","itemListElement":[{"@type":"ListItem","position":1,"name":"Accueil","item":"https:\/\/ultra-net-work.com\/motto\/"},{"@type":"ListItem","position":2,"name":"RGPD"}]},{"@type":"WebSite","@id":"https:\/\/ultra-net-work.com\/motto\/#website","url":"https:\/\/ultra-net-work.com\/motto\/","name":"Motto","description":"","potentialAction":[{"@type":"SearchAction","target":{"@type":"EntryPoint","urlTemplate":"https:\/\/ultra-net-work.com\/motto\/?s={search_term_string}"},"query-input":{"@type":"PropertyValueSpecification","valueRequired":true,"valueName":"search_term_string"}}],"inLanguage":"fr-FR"}]}},"_links":{"self":[{"href":"https:\/\/ultra-net-work.com\/motto\/wp-json\/wp\/v2\/pages\/1487","targetHints":{"allow":["GET"]}}],"collection":[{"href":"https:\/\/ultra-net-work.com\/motto\/wp-json\/wp\/v2\/pages"}],"about":[{"href":"https:\/\/ultra-net-work.com\/motto\/wp-json\/wp\/v2\/types\/page"}],"author":[{"embeddable":true,"href":"https:\/\/ultra-net-work.com\/motto\/wp-json\/wp\/v2\/users\/1"}],"replies":[{"embeddable":true,"href":"https:\/\/ultra-net-work.com\/motto\/wp-json\/wp\/v2\/comments?post=1487"}],"version-history":[{"count":1,"href":"https:\/\/ultra-net-work.com\/motto\/wp-json\/wp\/v2\/pages\/1487\/revisions"}],"predecessor-version":[{"id":1488,"href":"https:\/\/ultra-net-work.com\/motto\/wp-json\/wp\/v2\/pages\/1487\/revisions\/1488"}],"wp:attachment":[{"href":"https:\/\/ultra-net-work.com\/motto\/wp-json\/wp\/v2\/media?parent=1487"}],"curies":[{"name":"wp","href":"https:\/\/api.w.org\/{rel}","templated":true}]}}