{"id":1489,"date":"2025-02-24T01:32:13","date_gmt":"2025-02-24T00:32:13","guid":{"rendered":"https:\/\/ultra-net-work.com\/motto\/?page_id=1489"},"modified":"2025-02-25T10:06:57","modified_gmt":"2025-02-25T09:06:57","slug":"cgu","status":"publish","type":"page","link":"https:\/\/ultra-net-work.com\/motto\/cgu\/","title":{"rendered":"CGU"},"content":{"rendered":"<div class=\"wpb-content-wrapper\"><p>[vc_row][vc_column][vc_separator color=\u00a0\u00bbblack\u00a0\u00bb border_width=\u00a0\u00bb2&Prime; css=\u00a0\u00bb.vc_custom_1727427423169{padding-top: 20px !important;padding-bottom: 20px !important;}\u00a0\u00bb][vc_empty_space height=\u00a0\u00bb150px\u00a0\u00bb][vc_empty_space height=\u00a0\u00bb100px\u00a0\u00bb][\/vc_column][\/vc_row][vc_row][vc_column width=\u00a0\u00bb1\/4&Prime;][vc_empty_space height=\u00a0\u00bb90px\u00a0\u00bb][\/vc_column][vc_column width=\u00a0\u00bb3\/4&Prime;][vc_column_text]<\/p>\n<div style=\"text-align: justify;\">\n<div>\n<h1 align=\"center\"><span lang=\"FR\">Conditions g\u00e9n\u00e9rales d&rsquo;utilisation<\/span><\/h1>\n<\/div>\n<div>\n<h1 align=\"center\"><span lang=\"FR\">\u00a0<\/span><\/h1>\n<\/div>\n<div>\n<p class=\"Paragraphe\" align=\"center\"><span lang=\"FR\">En vigueur au 20\/01\/2025<\/span><\/p>\n<\/div>\n<div>\n<p class=\"Paragraphe\" align=\"center\"><span lang=\"FR\">\u00a0<\/span><\/p>\n<\/div>\n<div>\n<p class=\"Paragraphe\"><span lang=\"FR\">\u00a0<\/span><\/p>\n<\/div>\n<div>\n<p class=\"Paragraphe\"><span lang=\"FR\">Les pr\u00e9sentes conditions g\u00e9n\u00e9rales d&rsquo;utilisation (dites \u00ab <b>CGU<\/b> \u00bb) ont pour objet l&rsquo;encadrement juridique des modalit\u00e9s de mise \u00e0 disposition du site et des services par HIS INTERNATIONAL TOURS FRANCE\u00a0 et de d\u00e9finir les conditions d\u2019acc\u00e8s et d\u2019utilisation des services par \u00ab <b>l&rsquo;Utilisateur<\/b> \u00bb.<\/span><\/p>\n<\/div>\n<div>\n<p class=\"Paragraphe\"><span lang=\"FR\">\u00a0<\/span><\/p>\n<\/div>\n<div>\n<p class=\"Paragraphe\"><span lang=\"FR\">Les pr\u00e9sentes CGU sont accessibles sur le site \u00e0 la rubrique \u00ab<b>CGU<\/b>\u00bb.<\/span><\/p>\n<\/div>\n<div>\n<p class=\"Paragraphe\"><span lang=\"FR\">\u00a0<\/span><\/p>\n<\/div>\n<div>\n<p class=\"Paragraphe\"><span lang=\"FR\">Toute inscription ou utilisation du site implique l&rsquo;acceptation sans aucune r\u00e9serve ni restriction des pr\u00e9sentes CGU par l\u2019utilisateur. Lors de l&rsquo;inscription sur le site via le formulaire d\u2019inscription, chaque utilisateur accepte express\u00e9ment les pr\u00e9sentes CGU en cochant la case pr\u00e9c\u00e9dant le texte suivant : \u00ab Je reconnais avoir lu et compris les CGU et je les accepte \u00bb. En cas de non-acceptation des CGU stipul\u00e9es dans le pr\u00e9sent contrat, l&rsquo;Utilisateur se doit de renoncer \u00e0 l&rsquo;acc\u00e8s des services propos\u00e9s par le site. https:\/\/www.wearemotto.fr se r\u00e9serve le droit de modifier unilat\u00e9ralement et \u00e0 tout moment le contenu des pr\u00e9sentes CGU.<\/span><\/p>\n<\/div>\n<div>\n<h1><span lang=\"FR\">\u00a0<\/span><\/h1>\n<\/div>\n<div>\n<h1><span lang=\"FR\">Article 1 : Les mentions l\u00e9gales<\/span><\/h1>\n<\/div>\n<div>\n<h1><span lang=\"FR\">\u00a0<\/span><\/h1>\n<\/div>\n<div>\n<p class=\"Paragraphe\"><span lang=\"FR\">L&rsquo;\u00e9dition du site https:\/\/www.<a name=\"_Hlk188276959\"><\/a>wearemotto.fr est assur\u00e9e par la Soci\u00e9t\u00e9 HIS INTERNATIONAL TOURS FRANCE HIS INTERNATIONAL TOURS FRANCE au capital de 2\u00a0030 000 euros, immatricul\u00e9e au RCS de PARIS sous le num\u00e9ro 732 061 429, dont le si\u00e8ge social est situ\u00e9 au 2 rue du renard 75004 Paris. Adresse e-mail : <\/span><span lang=\"FR\"><a href=\"m&#97;&#105;&#x6c;&#x74;&#x6f;:c&#111;&#110;&#x74;&#x61;&#x63;t&#64;&#119;&#101;&#x61;&#x72;&#x65;m&#111;&#116;&#x74;&#x6f;&#x2e;fr\" target=\"_blank\" rel=\"noopener\">&#x63;&#111;n&#x74;&#97;c&#x74;&#64;w&#x65;&#x61;&#114;&#x65;&#x6d;&#111;t&#x74;&#111;&#46;&#x66;&#114;<\/a><\/span><span lang=\"FR\">. \u00a0Le Directeur de la publication est : BERTHON KEVIN. <\/span><\/p>\n<\/div>\n<div>\n<p class=\"Paragraphe\"><span lang=\"FR\">Num\u00e9ro de TVA intracommunautaire : FR24 732 061 429<\/span><\/p>\n<\/div>\n<div>\n<p class=\"Paragraphe\"><span lang=\"FR\">\u00a0<\/span><\/p>\n<\/div>\n<div>\n<p class=\"Paragraphe\"><span lang=\"FR\">L&rsquo;h\u00e9bergeur du site https:\/\/www.wearemotto.fr est la soci\u00e9t\u00e9 OVH SAS, dont le si\u00e8ge social est situ\u00e9 au 2 rue Kellermann 59100 Roubaix.<\/span><\/p>\n<\/div>\n<div>\n<h1><span lang=\"FR\">\u00a0<\/span><\/h1>\n<\/div>\n<div>\n<h1><span lang=\"FR\">ARTICLE 2 : Acc\u00e8s au site<\/span><\/h1>\n<\/div>\n<div>\n<h1><span lang=\"FR\">\u00a0<\/span><\/h1>\n<\/div>\n<div>\n<p class=\"Paragraphe\"><span lang=\"FR\">Le site https:\/\/www.wearemotto.fr permet \u00e0 l&rsquo;utilisateur un acc\u00e8s gratuit aux services suivants :<\/span><\/p>\n<\/div>\n<div>\n<p class=\"Paragraphe\"><span lang=\"FR\">Le site internet propose les services suivants :<\/span><\/p>\n<\/div>\n<div>\n<p class=\"Paragraphe\"><span lang=\"FR\">Information sur des offres de voyage; proposition d\u2019offre de voyage personnalisable; mettre en relation les clients avec l\u2019agence de voyage Motto en utilisant les diff\u00e9rents outils de communication (mail, t\u00e9l\u00e9phone, visioconf\u00e9rence); organisation et planification des rendez-vous avec les futurs clients. <\/span><\/p>\n<\/div>\n<div>\n<p class=\"Paragraphe\"><span lang=\"FR\">Le site est accessible gratuitement en tout lieu \u00e0 tout utilisateur ayant un acc\u00e8s \u00e0 Internet. Tous les frais support\u00e9s par l&rsquo;utilisateur pour acc\u00e9der au service (mat\u00e9riel informatique, logiciels, connexion Internet, etc.) sont \u00e0 sa charge.<\/span><\/p>\n<\/div>\n<div>\n<p class=\"Paragraphe\"><span lang=\"FR\">\u00a0<\/span><\/p>\n<\/div>\n<div>\n<p class=\"Paragraphe\"><span lang=\"FR\">L\u2019utilisateur non-membre n&rsquo;a pas acc\u00e8s aux services r\u00e9serv\u00e9s. Pour cela, il doit s\u2019inscrire en remplissant le formulaire. En acceptant de s\u2019inscrire aux services r\u00e9serv\u00e9s, l\u2019utilisateur membre s\u2019engage \u00e0 fournir des informations sinc\u00e8res et exactes concernant son \u00e9tat civil et ses coordonn\u00e9es, notamment son adresse email. Pour acc\u00e9der aux services, l\u2019utilisateur doit ensuite s&rsquo;identifier \u00e0 l&rsquo;aide de son identifiant et de son mot de passe qui lui seront communiqu\u00e9s apr\u00e8s son inscription.<\/span><\/p>\n<\/div>\n<div>\n<p class=\"Paragraphe\"><span lang=\"FR\">Tout utilisateur membre r\u00e9guli\u00e8rement inscrit pourra \u00e9galement solliciter sa d\u00e9sinscription en se rendant \u00e0 la page d\u00e9di\u00e9e sur son espace personnel. Celle-ci sera effective dans un d\u00e9lai raisonnable.<\/span><\/p>\n<\/div>\n<div>\n<p class=\"Paragraphe\"><span lang=\"FR\">Tout \u00e9v\u00e9nement d\u00fb \u00e0 un cas de force majeure ayant pour cons\u00e9quence un dysfonctionnement du site ou serveur et sous r\u00e9serve de toute interruption ou modification en cas de maintenance, n&rsquo;engage pas la responsabilit\u00e9 de www.wearemotto.fr. Dans ces cas, l\u2019utilisateur accepte ainsi ne pas tenir rigueur \u00e0 l\u2019\u00e9diteur de toute interruption ou suspension de service, m\u00eame sans pr\u00e9avis.<\/span><\/p>\n<\/div>\n<div>\n<p class=\"Paragraphe\"><span lang=\"FR\">\u00a0<\/span><\/p>\n<\/div>\n<div>\n<p class=\"Paragraphe\"><span lang=\"FR\">L&rsquo;utilisateur a la possibilit\u00e9 de contacter le site par messagerie \u00e9lectronique \u00e0 l\u2019adresse email de l\u2019\u00e9diteur communiqu\u00e9 \u00e0 l\u2019ARTICLE 1.<\/span><\/p>\n<\/div>\n<div>\n<h1><span lang=\"FR\">\u00a0<\/span><\/h1>\n<\/div>\n<div>\n<h1><span lang=\"FR\">ARTICLE 3 : Collecte des donn\u00e9es<\/span><\/h1>\n<\/div>\n<div>\n<h1><span lang=\"FR\">\u00a0<\/span><\/h1>\n<\/div>\n<div>\n<p class=\"Paragraphe\"><span lang=\"FR\">Le site assure \u00e0 l&rsquo;utilisateur une collecte et un traitement d&rsquo;informations personnelles dans le respect de la vie priv\u00e9e conform\u00e9ment \u00e0 la loi n\u00b078-17 du 6 janvier 1978 relative \u00e0 l&rsquo;informatique, aux fichiers et aux libert\u00e9s. En vertu de la loi Informatique et Libert\u00e9s, en date du 6 janvier 1978, l&rsquo;utilisateur dispose d&rsquo;un droit d&rsquo;acc\u00e8s, de rectification, de suppression et d&rsquo;opposition de ses donn\u00e9es personnelles. <a name=\"_Hlk188280027\"><\/a>L&rsquo;utilisateur exerce ce droit via le formulaire de contact accessible sur le site internet.<\/span><\/p>\n<\/div>\n<div>\n<h1><span lang=\"FR\">\u00a0<\/span><\/h1>\n<\/div>\n<div>\n<h1><span lang=\"FR\">ARTICLE 4 : Propri\u00e9t\u00e9 intellectuelle<\/span><\/h1>\n<\/div>\n<div>\n<h1><span lang=\"FR\">\u00a0<\/span><\/h1>\n<\/div>\n<div>\n<p class=\"Paragraphe\"><span lang=\"FR\">Les marques, logos, signes ainsi que tous les contenus du site (textes, images, son\u2026) font l&rsquo;objet d&rsquo;une protection par le Code de la propri\u00e9t\u00e9 intellectuelle et plus particuli\u00e8rement par le droit d&rsquo;auteur.<\/span><\/p>\n<\/div>\n<div>\n<p class=\"Paragraphe\"><span lang=\"FR\">\u00a0<\/span><\/p>\n<\/div>\n<div>\n<p class=\"Paragraphe\"><span lang=\"FR\">La marque MOTTO PLUS est une marque d\u00e9pos\u00e9e par HIS INTERNATIONAL TOURS FRANCE. Toute repr\u00e9sentation et\/ou reproduction et\/ou exploitation partielle ou totale de cette marque, de quelque nature que ce soit, est totalement prohib\u00e9e.<\/span><\/p>\n<\/div>\n<div>\n<p class=\"Paragraphe\"><span lang=\"FR\">\u00a0<\/span><\/p>\n<\/div>\n<div>\n<p class=\"Paragraphe\"><span lang=\"FR\">L&rsquo;utilisateur doit solliciter l&rsquo;autorisation pr\u00e9alable du site pour toute reproduction, publication, copie des diff\u00e9rents contenus. Il s&rsquo;engage \u00e0 une utilisation des contenus du site dans un cadre strictement priv\u00e9, toute utilisation \u00e0 des fins commerciales et publicitaires est strictement interdite.<\/span><\/p>\n<\/div>\n<div>\n<p class=\"Paragraphe\"><span lang=\"FR\">\u00a0<\/span><\/p>\n<\/div>\n<div>\n<p class=\"Paragraphe\"><span lang=\"FR\">Toute repr\u00e9sentation totale ou partielle de ce site par quelque proc\u00e9d\u00e9 que ce soit, sans l\u2019autorisation expresse de l\u2019exploitant du site Internet constituerait une contrefa\u00e7on sanctionn\u00e9e par l\u2019article L 335-2 et suivants du Code de la propri\u00e9t\u00e9 intellectuelle.<\/span><\/p>\n<\/div>\n<div>\n<p class=\"Paragraphe\"><span lang=\"FR\">\u00a0<\/span><\/p>\n<\/div>\n<div>\n<p class=\"Paragraphe\"><span lang=\"FR\">Il est rappel\u00e9 conform\u00e9ment \u00e0 l\u2019article L122-5 du Code de propri\u00e9t\u00e9 intellectuelle que l\u2019utilisateur qui reproduit, copie ou publie le contenu prot\u00e9g\u00e9 doit citer l\u2019auteur et sa source.<\/span><\/p>\n<\/div>\n<div>\n<p class=\"Paragraphe\"><span lang=\"FR\">\u00a0<\/span><\/p>\n<\/div>\n<div>\n<h1><span lang=\"FR\">ARTICLE 5 : Responsabilit\u00e9<\/span><\/h1>\n<\/div>\n<div>\n<h1><span lang=\"FR\">\u00a0<\/span><\/h1>\n<\/div>\n<div>\n<p class=\"Paragraphe\"><span lang=\"FR\">Les sources des informations diffus\u00e9es sur le site www.wearemotto.fr sont r\u00e9put\u00e9es fiables mais le site ne garantit pas qu\u2019il soit exempt de d\u00e9fauts, d\u2019erreurs ou d\u2019omissions.<\/span><\/p>\n<\/div>\n<div>\n<p class=\"Paragraphe\"><span lang=\"FR\">\u00a0<\/span><\/p>\n<\/div>\n<div>\n<p class=\"Paragraphe\"><span lang=\"FR\">Les informations communiqu\u00e9es sont pr\u00e9sent\u00e9es \u00e0 titre indicatif et g\u00e9n\u00e9ral sans valeur contractuelle. Malgr\u00e9 des mises \u00e0 jour r\u00e9guli\u00e8res, le site wearemotto.fr ne peut \u00eatre tenu responsable de la modification des dispositions administratives et juridiques survenant apr\u00e8s la publication. De m\u00eame, le site ne peut \u00eatre tenue responsable de l\u2019utilisation et de l\u2019interpr\u00e9tation de l\u2019information contenue dans ce site.<\/span><\/p>\n<\/div>\n<div>\n<p class=\"Paragraphe\"><span lang=\"FR\">L&rsquo;utilisateur s&rsquo;assure de garder son mot de passe secret. Toute divulgation du mot de passe, quelle que soit sa forme, est interdite. Il assume les risques li\u00e9s \u00e0 l&rsquo;utilisation de son identifiant et mot de passe. Le site d\u00e9cline toute responsabilit\u00e9.<\/span><\/p>\n<\/div>\n<div>\n<p class=\"Paragraphe\"><span lang=\"FR\">Le site wearemotto.fr ne peut \u00eatre tenu pour responsable d\u2019\u00e9ventuels virus qui pourraient infecter l\u2019ordinateur ou tout mat\u00e9riel informatique de l\u2019internaute, pour donner suite \u00e0 une utilisation, \u00e0 l\u2019acc\u00e8s, ou au t\u00e9l\u00e9chargement provenant de ce site. <\/span><\/p>\n<\/div>\n<div>\n<p class=\"Paragraphe\"><span lang=\"FR\">\u00a0<\/span><\/p>\n<\/div>\n<div>\n<p class=\"Paragraphe\"><span lang=\"FR\">La responsabilit\u00e9 du site ne peut \u00eatre engag\u00e9e en cas de force majeure ou du fait impr\u00e9visible et insurmontable d&rsquo;un tiers.<\/span><\/p>\n<\/div>\n<div>\n<h1><span lang=\"FR\">\u00a0<\/span><\/h1>\n<\/div>\n<div>\n<h1><span lang=\"FR\">ARTICLE 6 : Liens hypertextes<\/span><\/h1>\n<\/div>\n<div>\n<h1><span lang=\"FR\">\u00a0<\/span><\/h1>\n<\/div>\n<div>\n<p class=\"Paragraphe\"><span lang=\"FR\">Des liens hypertextes peuvent \u00eatre pr\u00e9sents sur le site. L\u2019utilisateur est inform\u00e9 qu\u2019en cliquant sur ces liens, il sortira du site wearemotto.fr. Ce dernier n\u2019a pas de contr\u00f4le sur les pages web sur lesquelles aboutissent ces liens et ne saurait, en aucun cas, \u00eatre responsable de leur contenu.<\/span><\/p>\n<\/div>\n<div>\n<h1><span lang=\"FR\">\u00a0<\/span><\/h1>\n<\/div>\n<div>\n<h1><span lang=\"FR\">ARTICLE 8 : Droit applicable et juridiction comp\u00e9tente<\/span><\/h1>\n<\/div>\n<div>\n<h1><span lang=\"FR\">\u00a0<\/span><\/h1>\n<\/div>\n<div>\n<p class=\"Paragraphe\"><span lang=\"FR\">La l\u00e9gislation fran\u00e7aise s&rsquo;applique au pr\u00e9sent contrat. En cas d&rsquo;absence de r\u00e9solution amiable d&rsquo;un litige n\u00e9 entre les parties, les tribunaux fran\u00e7ais seront seuls comp\u00e9tents pour en conna\u00eetre.<\/span><\/p>\n<\/div>\n<div>\n<p class=\"Paragraphe\"><span lang=\"FR\">\u00a0<\/span><\/p>\n<\/div>\n<div>\n<p class=\"Paragraphe\"><span lang=\"FR\">Pour toute question relative \u00e0 l\u2019application des pr\u00e9sentes CGU, vous pouvez joindre l\u2019\u00e9diteur sur <a class=\"ms-outlook-linkify\" href=\"&#x6d;&#97;&#x69;&#x6c;&#116;&#x6f;&#58;c&#x6f;&#110;t&#x61;&#99;t&#x40;&#119;e&#x61;&#114;&#x65;&#x6d;&#111;&#x74;&#x74;&#111;&#x2e;&#102;r\">&#99;o&#x6e;t&#x61;c&#x74;&#64;&#x77;&#101;&#x61;&#114;e&#x6d;o&#x74;t&#x6f;&#46;&#x66;&#114;<\/a><\/span>\u00a0.<\/p>\n<p><span style=\"color: #ffffff;\">.<\/span><\/p>\n<\/div>\n<\/div>\n<p>[\/vc_column_text][vc_empty_space height=\u00a0\u00bb100px\u00a0\u00bb][\/vc_column][\/vc_row][vc_row][vc_column][vc_empty_space height=\u00a0\u00bb200px\u00a0\u00bb][\/vc_column][\/vc_row][vc_row][vc_column][vc_column_text]<\/p>\n<p>[\/vc_column_text][\/vc_column][\/vc_row]<\/p>\n<\/div>","protected":false},"excerpt":{"rendered":"<p>[vc_row][vc_column][vc_separator color=\u00a0\u00bbblack\u00a0\u00bb border_width=\u00a0\u00bb2&Prime; css=\u00a0\u00bb.vc_custom_1727427423169{padding-top: 20px !important;padding-bottom: 20px !important;}\u00a0\u00bb][vc_empty_space height=\u00a0\u00bb150px\u00a0\u00bb][vc_empty_space height=\u00a0\u00bb100px\u00a0\u00bb][\/vc_column][\/vc_row][vc_row][vc_column width=\u00a0\u00bb1\/4&Prime;][vc_empty_space height=\u00a0\u00bb90px\u00a0\u00bb][\/vc_column][vc_column width=\u00a0\u00bb3\/4&Prime;][vc_column_text] Conditions g\u00e9n\u00e9rales d&rsquo;utilisation \u00a0 En vigueur au 20\/01\/2025 \u00a0 \u00a0 Les pr\u00e9sentes conditions g\u00e9n\u00e9rales d&rsquo;utilisation (dites \u00ab CGU \u00bb) ont pour objet l&rsquo;encadrement juridique des modalit\u00e9s de [&hellip;]<\/p>\n","protected":false},"author":1,"featured_media":0,"parent":0,"menu_order":1,"comment_status":"closed","ping_status":"closed","template":"","meta":{"footnotes":""},"class_list":["post-1489","page","type-page","status-publish","hentry"],"yoast_head":"<!-- This site is optimized with the Yoast SEO plugin v24.6 - https:\/\/yoast.com\/wordpress\/plugins\/seo\/ -->\n<title>CGU - Motto<\/title>\n<meta name=\"robots\" content=\"noindex, follow, max-snippet:-1, max-image-preview:large, max-video-preview:-1\" \/>\n<meta property=\"og:locale\" content=\"fr_FR\" \/>\n<meta property=\"og:type\" content=\"article\" \/>\n<meta property=\"og:title\" content=\"CGU - Motto\" \/>\n<meta property=\"og:description\" content=\"[vc_row][vc_column][vc_separator color=\u00a0\u00bbblack\u00a0\u00bb border_width=\u00a0\u00bb2&Prime; css=\u00a0\u00bb.vc_custom_1727427423169{padding-top: 20px !important;padding-bottom: 20px !important;}\u00a0\u00bb][vc_empty_space height=\u00a0\u00bb150px\u00a0\u00bb][vc_empty_space height=\u00a0\u00bb100px\u00a0\u00bb][\/vc_column][\/vc_row][vc_row][vc_column width=\u00a0\u00bb1\/4&Prime;][vc_empty_space height=\u00a0\u00bb90px\u00a0\u00bb][\/vc_column][vc_column width=\u00a0\u00bb3\/4&Prime;][vc_column_text] Conditions g\u00e9n\u00e9rales d&rsquo;utilisation \u00a0 En vigueur au 20\/01\/2025 \u00a0 \u00a0 Les pr\u00e9sentes conditions g\u00e9n\u00e9rales d&rsquo;utilisation (dites \u00ab CGU \u00bb) ont pour objet l&rsquo;encadrement juridique des modalit\u00e9s de [&hellip;]\" \/>\n<meta property=\"og:url\" content=\"https:\/\/ultra-net-work.com\/motto\/cgu\/\" \/>\n<meta property=\"og:site_name\" content=\"Motto\" \/>\n<meta property=\"article:modified_time\" content=\"2025-02-25T09:06:57+00:00\" \/>\n<meta name=\"twitter:card\" content=\"summary_large_image\" \/>\n<meta name=\"twitter:label1\" content=\"Dur\u00e9e de lecture estim\u00e9e\" \/>\n\t<meta name=\"twitter:data1\" content=\"6 minutes\" \/>\n<script type=\"application\/ld+json\" class=\"yoast-schema-graph\">{\"@context\":\"https:\/\/schema.org\",\"@graph\":[{\"@type\":\"WebPage\",\"@id\":\"https:\/\/ultra-net-work.com\/motto\/cgu\/\",\"url\":\"https:\/\/ultra-net-work.com\/motto\/cgu\/\",\"name\":\"CGU - Motto\",\"isPartOf\":{\"@id\":\"https:\/\/ultra-net-work.com\/motto\/#website\"},\"datePublished\":\"2025-02-24T00:32:13+00:00\",\"dateModified\":\"2025-02-25T09:06:57+00:00\",\"breadcrumb\":{\"@id\":\"https:\/\/ultra-net-work.com\/motto\/cgu\/#breadcrumb\"},\"inLanguage\":\"fr-FR\",\"potentialAction\":[{\"@type\":\"ReadAction\",\"target\":[\"https:\/\/ultra-net-work.com\/motto\/cgu\/\"]}]},{\"@type\":\"BreadcrumbList\",\"@id\":\"https:\/\/ultra-net-work.com\/motto\/cgu\/#breadcrumb\",\"itemListElement\":[{\"@type\":\"ListItem\",\"position\":1,\"name\":\"Accueil\",\"item\":\"https:\/\/ultra-net-work.com\/motto\/\"},{\"@type\":\"ListItem\",\"position\":2,\"name\":\"CGU\"}]},{\"@type\":\"WebSite\",\"@id\":\"https:\/\/ultra-net-work.com\/motto\/#website\",\"url\":\"https:\/\/ultra-net-work.com\/motto\/\",\"name\":\"Motto\",\"description\":\"\",\"potentialAction\":[{\"@type\":\"SearchAction\",\"target\":{\"@type\":\"EntryPoint\",\"urlTemplate\":\"https:\/\/ultra-net-work.com\/motto\/?s={search_term_string}\"},\"query-input\":{\"@type\":\"PropertyValueSpecification\",\"valueRequired\":true,\"valueName\":\"search_term_string\"}}],\"inLanguage\":\"fr-FR\"}]}<\/script>\n<!-- \/ Yoast SEO plugin. -->","yoast_head_json":{"title":"CGU - Motto","robots":{"index":"noindex","follow":"follow","max-snippet":"max-snippet:-1","max-image-preview":"max-image-preview:large","max-video-preview":"max-video-preview:-1"},"og_locale":"fr_FR","og_type":"article","og_title":"CGU - Motto","og_description":"[vc_row][vc_column][vc_separator color=\u00a0\u00bbblack\u00a0\u00bb border_width=\u00a0\u00bb2&Prime; css=\u00a0\u00bb.vc_custom_1727427423169{padding-top: 20px !important;padding-bottom: 20px !important;}\u00a0\u00bb][vc_empty_space height=\u00a0\u00bb150px\u00a0\u00bb][vc_empty_space height=\u00a0\u00bb100px\u00a0\u00bb][\/vc_column][\/vc_row][vc_row][vc_column width=\u00a0\u00bb1\/4&Prime;][vc_empty_space height=\u00a0\u00bb90px\u00a0\u00bb][\/vc_column][vc_column width=\u00a0\u00bb3\/4&Prime;][vc_column_text] Conditions g\u00e9n\u00e9rales d&rsquo;utilisation \u00a0 En vigueur au 20\/01\/2025 \u00a0 \u00a0 Les pr\u00e9sentes conditions g\u00e9n\u00e9rales d&rsquo;utilisation (dites \u00ab CGU \u00bb) ont pour objet l&rsquo;encadrement juridique des modalit\u00e9s de [&hellip;]","og_url":"https:\/\/ultra-net-work.com\/motto\/cgu\/","og_site_name":"Motto","article_modified_time":"2025-02-25T09:06:57+00:00","twitter_card":"summary_large_image","twitter_misc":{"Dur\u00e9e de lecture estim\u00e9e":"6 minutes"},"schema":{"@context":"https:\/\/schema.org","@graph":[{"@type":"WebPage","@id":"https:\/\/ultra-net-work.com\/motto\/cgu\/","url":"https:\/\/ultra-net-work.com\/motto\/cgu\/","name":"CGU - Motto","isPartOf":{"@id":"https:\/\/ultra-net-work.com\/motto\/#website"},"datePublished":"2025-02-24T00:32:13+00:00","dateModified":"2025-02-25T09:06:57+00:00","breadcrumb":{"@id":"https:\/\/ultra-net-work.com\/motto\/cgu\/#breadcrumb"},"inLanguage":"fr-FR","potentialAction":[{"@type":"ReadAction","target":["https:\/\/ultra-net-work.com\/motto\/cgu\/"]}]},{"@type":"BreadcrumbList","@id":"https:\/\/ultra-net-work.com\/motto\/cgu\/#breadcrumb","itemListElement":[{"@type":"ListItem","position":1,"name":"Accueil","item":"https:\/\/ultra-net-work.com\/motto\/"},{"@type":"ListItem","position":2,"name":"CGU"}]},{"@type":"WebSite","@id":"https:\/\/ultra-net-work.com\/motto\/#website","url":"https:\/\/ultra-net-work.com\/motto\/","name":"Motto","description":"","potentialAction":[{"@type":"SearchAction","target":{"@type":"EntryPoint","urlTemplate":"https:\/\/ultra-net-work.com\/motto\/?s={search_term_string}"},"query-input":{"@type":"PropertyValueSpecification","valueRequired":true,"valueName":"search_term_string"}}],"inLanguage":"fr-FR"}]}},"_links":{"self":[{"href":"https:\/\/ultra-net-work.com\/motto\/wp-json\/wp\/v2\/pages\/1489","targetHints":{"allow":["GET"]}}],"collection":[{"href":"https:\/\/ultra-net-work.com\/motto\/wp-json\/wp\/v2\/pages"}],"about":[{"href":"https:\/\/ultra-net-work.com\/motto\/wp-json\/wp\/v2\/types\/page"}],"author":[{"embeddable":true,"href":"https:\/\/ultra-net-work.com\/motto\/wp-json\/wp\/v2\/users\/1"}],"replies":[{"embeddable":true,"href":"https:\/\/ultra-net-work.com\/motto\/wp-json\/wp\/v2\/comments?post=1489"}],"version-history":[{"count":5,"href":"https:\/\/ultra-net-work.com\/motto\/wp-json\/wp\/v2\/pages\/1489\/revisions"}],"predecessor-version":[{"id":1527,"href":"https:\/\/ultra-net-work.com\/motto\/wp-json\/wp\/v2\/pages\/1489\/revisions\/1527"}],"wp:attachment":[{"href":"https:\/\/ultra-net-work.com\/motto\/wp-json\/wp\/v2\/media?parent=1489"}],"curies":[{"name":"wp","href":"https:\/\/api.w.org\/{rel}","templated":true}]}}