{"id":1493,"date":"2025-02-24T01:41:23","date_gmt":"2025-02-24T00:41:23","guid":{"rendered":"https:\/\/ultra-net-work.com\/motto\/?page_id=1493"},"modified":"2025-02-24T01:42:57","modified_gmt":"2025-02-24T00:42:57","slug":"preferences-de-cookies","status":"publish","type":"page","link":"https:\/\/ultra-net-work.com\/motto\/preferences-de-cookies\/","title":{"rendered":"Pr\u00e9f\u00e9rences de cookies"},"content":{"rendered":"<div class=\"wpb-content-wrapper\"><p>[vc_row][vc_column][vc_separator color=\u00a0\u00bbblack\u00a0\u00bb border_width=\u00a0\u00bb2&Prime; css=\u00a0\u00bb.vc_custom_1727427423169{padding-top: 20px !important;padding-bottom: 20px !important;}\u00a0\u00bb][vc_empty_space height=\u00a0\u00bb150px\u00a0\u00bb][vc_empty_space height=\u00a0\u00bb100px\u00a0\u00bb][\/vc_column][\/vc_row][vc_row][vc_column width=\u00a0\u00bb1\/4&Prime;][vc_empty_space height=\u00a0\u00bb90px\u00a0\u00bb][\/vc_column][vc_column width=\u00a0\u00bb3\/4&Prime;][vc_column_text]<\/p>\n<div style=\"text-align: justify;\">\n<p style=\"font-weight: 400;\"><strong>LES COOKIES<\/strong><\/p>\n<p>&nbsp;<\/p>\n<p style=\"font-weight: 400;\"><strong>Le site wearemotto.fr<\/strong> <strong>utilise les cookies pour am\u00e9liorer votre navigation et votre exp\u00e9rience du site.<\/strong><\/p>\n<p style=\"font-weight: 400;\">Des fichiers cookies sont susceptibles d\u2019\u00eatre enregistr\u00e9s sur votre terminal lors de votre consultation du site wearemotto en fonction de vos pr\u00e9f\u00e9rences de navigation sur internet, pr\u00e9f\u00e9rences que vous \u00eates libres de modifier \u00e0 tout moment. Cette page a pour objectif de vous informer de l\u2019utilisation que nous faisons des cookies et vous indiquer comment modifier vos pr\u00e9f\u00e9rences de navigation.<\/p>\n<p style=\"font-weight: 400;\"><strong>Qu\u2019est-ce qu\u2019un cookie ?<\/strong>\u00a0Un cookie est un petit fichier texte stock\u00e9 sur votre terminal qui sert \u00e0 sa reconnaissance et \u00e0 m\u00e9moriser des informations de navigation de votre consultation du site internet wearemotto.<\/p>\n<p style=\"font-weight: 400;\"><strong>A quoi servent les cookies ?<\/strong>\u00a0Nous collectons et utilisons des cookies pour diff\u00e9rentes finalit\u00e9s et notamment :<\/p>\n<ul style=\"font-weight: 400;\">\n<li>Pour faciliter votre navigation ;<\/li>\n<li>Pour vous identifier ;<\/li>\n<li>Pour garder en m\u00e9moire vos pr\u00e9f\u00e9rences et favoris, par exemple lorsque vous constituer une liste des destinations pr\u00e9f\u00e9r\u00e9es, pour vous permettre de la partager avec vos proches ;<\/li>\n<li>Vous proposer un affichage intelligent et un contenu adapt\u00e9 \u00e0 vos centres d\u2019int\u00e9r\u00eat ;<\/li>\n<li>Vous sugg\u00e9rer des offres commerciales qui correspondent \u00e0 vos activit\u00e9s et \u00e0 votre profil ;<\/li>\n<li>\u00c9tablir des statistiques de visites ;<\/li>\n<li>Etc.<\/li>\n<\/ul>\n<p style=\"font-weight: 400;\">Un fichier cookie ne risque en aucun cas d\u2019endommager le terminal que vous utilisez. Seul l\u2019\u00e9metteur d&rsquo;un cookie est susceptible de lire ou de modifier des informations qui y sont contenues.<\/p>\n<p style=\"font-weight: 400;\"><strong><u>Quels sont les diff\u00e9rents types de cookies et comment les param\u00e9trer ?<\/u><\/strong><\/p>\n<ul>\n<li><strong>Les cookies fonctionnels ou techniques<\/strong><\/li>\n<\/ul>\n<p style=\"font-weight: 400;\">Les cookies fonctionnels assurent le bon fonctionnement du site, vous permettent par exemple d\u2019acc\u00e9der plus rapidement \u00e0 un voyage que vous avez pr\u00e9c\u00e9demment consult\u00e9, de m\u00e9moriser dans une liste vos destinations pr\u00e9f\u00e9r\u00e9es. Ces cookies ne n\u00e9cessitent pas de consentement de votre part pour \u00eatre d\u00e9pos\u00e9s. Consultez la liste des cookies fonctionnels wearemotto.<\/p>\n<p style=\"font-weight: 400;\">Le site wearemotto utilise l\u2019application \u00ab\u00a0Adobe Flash Player\u00a0\u00bb\u2122 pour assurer l\u2019affichage de contenus dynamiques utilisant le langage informatique \u00ab\u00a0Flash\u00a0\u00bb. Flash m\u00e9morise les param\u00e8tres, les pr\u00e9f\u00e9rences et l&rsquo;utilisation de ces contenus gr\u00e2ce \u00e0 une technologie similaire aux cookies. Toutefois, \u00ab\u00a0Adobe Flash Player\u00a0\u00bb\u2122 g\u00e8re ces informations et vos choix via une interface diff\u00e9rente de celle fournie par votre navigateur. Vous pouvez directement acc\u00e9der \u00e0 vos outils de gestion des cookies Flash depuis le site\u00a0<a href=\"https:\/\/www.adobe.com\/fr\/\">www.adobe.com\/fr<\/a>.<\/p>\n<ul>\n<li><strong>Les cookies de performance.<\/strong><\/li>\n<\/ul>\n<p style=\"font-weight: 400;\">Ces cookies nous permettent de d\u00e9terminer le nombre de visites et les sources du trafic sur notre site, afin d&rsquo;en mesurer et d\u2019en am\u00e9liorer les performances. Ils nous aident \u00e9galement \u00e0 identifier les pages les plus \/ moins visit\u00e9es et \u00e0 \u00e9valuer comment les visiteurs naviguent sur le site. Toutes les informations, collect\u00e9es par ces cookies, sont agr\u00e9g\u00e9es et donc anonymis\u00e9es. Si vous n&rsquo;acceptez pas cette cat\u00e9gorie de cookies, nous ne pourrons pas savoir quand vous avez r\u00e9alis\u00e9 votre visite sur notre site.<\/p>\n<ul>\n<li><strong>Les cookies tiers<\/strong><\/li>\n<\/ul>\n<p style=\"font-weight: 400;\">Ce sont des cookies qui ne sont pas enregistr\u00e9s par wearemotto mais par un tiers. Sur notre site certaines fonctionnalit\u00e9s \u00e9manent de tiers, qui vous permettent par exemple de partager un voyage qui vous plairait sur notre site avec d&rsquo;autres personnes. C\u2019est notamment le cas des boutons \u00ab\u00a0Partager\u00a0\u00bb, \u00ab\u00a0J&rsquo;aime\u00a0\u00bb, issus de r\u00e9seaux sociaux tels que Facebook \u00ab\u00a0ou twitter etc.<\/p>\n<p style=\"font-weight: 400;\">Le r\u00e9seau social fournissant un tel bouton applicatif est susceptible de vous identifier gr\u00e2ce \u00e0 ce bouton, m\u00eame si vous n&rsquo;avez pas utilis\u00e9 ce bouton lors de votre consultation de notre site. En effet, ce type de bouton applicatif peut permettre au r\u00e9seau social concern\u00e9 de suivre votre navigation sur notre site, du seul fait que votre compte au r\u00e9seau social concern\u00e9 \u00e9tait activ\u00e9 sur votre terminal (session ouverte) durant votre navigation sur notre site. Nous n&rsquo;avons aucun contr\u00f4le sur le processus employ\u00e9 par les r\u00e9seaux sociaux pour collecter des informations relatives \u00e0 votre navigation sur notre site et associ\u00e9es aux donn\u00e9es personnelles dont ils disposent.<\/p>\n<p style=\"font-weight: 400;\">Nous vous invitons \u00e0 consulter les politiques de protection de la vie priv\u00e9e de ces r\u00e9seaux sociaux afin de prendre connaissance des finalit\u00e9s d&rsquo;utilisation, notamment publicitaires, des informations de navigation qu&rsquo;ils peuvent recueillir gr\u00e2ce \u00e0 ces boutons applicatifs. Ces politiques de protection doivent notamment vous permettre d&rsquo;exercer vos choix aupr\u00e8s de ces r\u00e9seaux sociaux, notamment en param\u00e9trant vos comptes d&rsquo;utilisation de chacun de ces r\u00e9seaux.<\/p>\n<p style=\"font-weight: 400;\">Le site\u00a0<a href=\"http:\/\/www.youronlinechoices.com\/fr\/\">www.youronlinechoices.com<\/a>\u00a0r\u00e9pertorie et vous permet de g\u00e9rer certains des cookies enregistr\u00e9s par un tiers. Consultez la liste des cookies tiers mis en place par des partenaires Wearemotto.<\/p>\n<ul>\n<li><strong>Les cookies publicitaires<\/strong><\/li>\n<\/ul>\n<p style=\"font-weight: 400;\">Nous utilisons des cookies publicitaires. Ainsi nous pouvons vous proposer une offre qui r\u00e9pond le mieux \u00e0 votre attente et \u00e9viter celle qui ne correspondrait en rien \u00e0 ce que vous recherchez. Lorsque vous consultez un site contenant des espaces publicitaires diffusant une de nos annonces, cette annonce est susceptible de contenir un cookie. Ce cookie est susceptible, sous r\u00e9serve de vos choix, d&rsquo;\u00eatre enregistr\u00e9 dans votre terminal et de nous permettre de reconna\u00eetre le navigateur de votre terminal pendant la dur\u00e9e de validit\u00e9 du cookie concern\u00e9.<\/p>\n<p style=\"font-weight: 400;\">Les Cookies int\u00e9gr\u00e9s \u00e0 nos annonces diffus\u00e9es par des tiers nous permettent, si votre terminal a permis leur enregistrement, selon vos choix de mesurer l\u2019impact de la publicit\u00e9 sur notre site et servent \u00e0 fins statistiques et de facturation. Par exemple, ils sont utilis\u00e9s afin de comptabiliser le nombre d&rsquo;affichages et d&rsquo;activations de nos contenus publicitaires diffus\u00e9s sur des sites de tiers, d&rsquo;identifier ces contenus et ces sites\/applications, de d\u00e9terminer le nombre d&rsquo;utilisateurs ayant cliqu\u00e9 sur chaque contenu, de calculer les sommes dues aux acteurs de la cha\u00eene de diffusion publicitaire (agence de communication, r\u00e9gie publicitaire, site\/support de diffusion) et d&rsquo;\u00e9tablir des statistiques. Consultez la liste des cookies publicitaires mis en place par des partenaires de wearemotto<\/p>\n<p style=\"font-weight: 400;\">Le site<a href=\"http:\/\/www.youronlinechoices.com\/fr\/\">\u00a0youronlinechoices.com\/fr<\/a>\u00a0propos\u00e9 par les professionnels de la publicit\u00e9 digitale regroup\u00e9s au sein de l\u2019association europ\u00e9enne EDAA (European Digital Advertising Alliance) et g\u00e9r\u00e9 en France par l\u2019Interactive Advertising Bureau France, vous permet d\u2019activer ou de d\u00e9sactiver les cookies publicitaires op\u00e9r\u00e9s par les entreprises inscrites \u00e0 cette plate-forme. Toutefois, si vous d\u00e9sactivez ces cookies, cela ne signifie pas que vous ne serez plus expos\u00e9 \u00e0 la publicit\u00e9 sur Internet.<\/p>\n<p style=\"font-weight: 400;\"><strong>Pourquoi dois-je consentir au d\u00e9p\u00f4t de cookies ?<\/strong><\/p>\n<p style=\"font-weight: 400;\">Sur la page d&rsquo;accueil du site internet de wearemotto, nous vous demandons de consentir \u00e0 l&rsquo;utilisation des cookies. Certains cookies ne peuvent \u00eatre d\u00e9pos\u00e9s que si vous y consentez. C\u2019est notamment le cas pour les cookies analytiques, les cookies tiers, les cookies publicitaires, etc. En revanche les cookies qui sont n\u00e9cessaires au bon fonctionnement du site peuvent \u00eatre d\u00e9pos\u00e9s sans votre consentement. C\u2019est notamment le cas des cookies fonctionnels, qui permettent par exemple de m\u00e9moriser vos choix de langue ou de conserver vos favoris pendant la dur\u00e9e d\u2019activit\u00e9 de votre session. Vous pouvez toujours les supprimer en configurant votre navigateur Internet. La plupart des navigateurs internet acceptent automatiquement les cookies, mais vous pouvez modifier les param\u00e8tres de votre navigateur internet pour refuser ou supprimer les cookies.<\/p>\n<p style=\"font-weight: 400;\"><strong>Comment param\u00e9trer les cookies sur mon navigateur ?<\/strong><\/p>\n<p style=\"font-weight: 400;\">Il suffit d\u2019aller dans la rubrique de votre navigateur d\u00e9di\u00e9e aux outils et \u00e0 la gestion des param\u00e8tres et pr\u00e9f\u00e9rences et de modifier ceux-ci et exprimer vos choix concernant les cookies :<\/p>\n<ul style=\"font-weight: 400;\">\n<li>Pour Chrome\u2122 :\u00a0<a href=\"https:\/\/support.google.com\/chrome\/answer\/95647?hl=fr&amp;hlrm=en\">cliquez ici<\/a><\/li>\n<li>Pour Firefox\u2122 :\u00a0<a href=\"https:\/\/support.mozilla.org\/fr\/kb\/supprimer-les-cookies-et-donnees-dun-site-dans-fir\">cliquez ici<\/a><\/li>\n<\/ul>\n<p style=\"font-weight: 400;\"><strong>Que se passe-t-il si je refuse le d\u00e9p\u00f4t de cookies ?<\/strong><\/p>\n<p style=\"font-weight: 400;\">En d\u00e9sactivant les cookies, votre exp\u00e9rience de navigation sur le site peut \u00eatre d\u00e9grad\u00e9e. Certaines fonctionnalit\u00e9s du site ne fonctionnent que si les cookies sont activ\u00e9s, par exemple la recherche via une carte interactive.<\/p>\n<p style=\"font-weight: 400;\"><strong>Combien de temps les cookies restent-ils sur mon terminal ?<\/strong><\/p>\n<p style=\"font-weight: 400;\">Les cookies utilis\u00e9s par le site internet de wearemotto peuvent se comporter de deux mani\u00e8res diff\u00e9rentes :<\/p>\n<ul style=\"font-weight: 400;\">\n<li>Cookies de session : Ces cookies ne sont stock\u00e9s sur votre appareil que pour la dur\u00e9e de votre session de navigation et seront automatiquement supprim\u00e9s lorsque vous fermez la fen\u00eatre de votre navigateur.<\/li>\n<li>Cookies persistants : D\u00e8s lors que vous avez accept\u00e9 le d\u00e9p\u00f4t de cookies, ils seront stock\u00e9s sur votre terminal pour une dur\u00e9e de 13 mois \u00e0 compter de leur d\u00e9p\u00f4t.<\/li>\n<\/ul>\n<p style=\"font-weight: 400;\">Vous pouvez supprimer ces cookies \u00e0 tout moment en configurant votre navigateur internet. Nous esp\u00e9rons vous avoir rendu plus claire l\u2019utilisation que nous faisons des cookies que nous d\u00e9posons sur votre terminal. Soyez assur\u00e9s que la confidentialit\u00e9 et la s\u00e9curit\u00e9 des donn\u00e9es que vous nous transmettez fait partie de nos priorit\u00e9s.<\/p>\n<p style=\"font-weight: 400;\">Vous pouvez aussi nous contacter pour toute question ou information compl\u00e9mentaire en nous envoyant un email \u00e0 <a href=\"&#x6d;a&#x69;&#108;&#x74;&#111;:&#x63;o&#x6e;&#116;&#x61;&#99;t&#x40;&#119;&#x65;&#97;r&#x65;m&#x6f;&#116;&#x74;&#111;&#46;&#x66;r\">&#x63;&#x6f;&#x6e;&#x74;&#97;&#99;t&#64;w&#x65;&#x61;&#x72;&#x65;&#109;&#111;tto&#x2e;&#x66;&#x72;<\/a>.<\/p>\n<p>[\/vc_column_text][vc_empty_space height=\u00a0\u00bb100px\u00a0\u00bb][\/vc_column][\/vc_row][vc_row][vc_column][vc_empty_space height=\u00a0\u00bb200px\u00a0\u00bb][\/vc_column][\/vc_row]<\/p>\n<\/div>\n<\/div>","protected":false},"excerpt":{"rendered":"<p>[vc_row][vc_column][vc_separator color=\u00a0\u00bbblack\u00a0\u00bb border_width=\u00a0\u00bb2&Prime; css=\u00a0\u00bb.vc_custom_1727427423169{padding-top: 20px !important;padding-bottom: 20px !important;}\u00a0\u00bb][vc_empty_space height=\u00a0\u00bb150px\u00a0\u00bb][vc_empty_space height=\u00a0\u00bb100px\u00a0\u00bb][\/vc_column][\/vc_row][vc_row][vc_column width=\u00a0\u00bb1\/4&Prime;][vc_empty_space height=\u00a0\u00bb90px\u00a0\u00bb][\/vc_column][vc_column width=\u00a0\u00bb3\/4&Prime;][vc_column_text] LES COOKIES &nbsp; Le site wearemotto.fr utilise les cookies pour am\u00e9liorer votre navigation et votre exp\u00e9rience du site. Des fichiers cookies sont susceptibles d\u2019\u00eatre enregistr\u00e9s sur votre [&hellip;]<\/p>\n","protected":false},"author":1,"featured_media":0,"parent":0,"menu_order":1,"comment_status":"closed","ping_status":"closed","template":"","meta":{"footnotes":""},"class_list":["post-1493","page","type-page","status-publish","hentry"],"yoast_head":"<!-- This site is optimized with the Yoast SEO plugin v24.6 - https:\/\/yoast.com\/wordpress\/plugins\/seo\/ -->\n<title>Pr\u00e9f\u00e9rences de cookies - Motto<\/title>\n<meta name=\"robots\" content=\"noindex, follow, max-snippet:-1, max-image-preview:large, max-video-preview:-1\" \/>\n<meta property=\"og:locale\" content=\"fr_FR\" \/>\n<meta property=\"og:type\" content=\"article\" \/>\n<meta property=\"og:title\" content=\"Pr\u00e9f\u00e9rences de cookies - Motto\" \/>\n<meta property=\"og:description\" content=\"[vc_row][vc_column][vc_separator color=\u00a0\u00bbblack\u00a0\u00bb border_width=\u00a0\u00bb2&Prime; css=\u00a0\u00bb.vc_custom_1727427423169{padding-top: 20px !important;padding-bottom: 20px !important;}\u00a0\u00bb][vc_empty_space height=\u00a0\u00bb150px\u00a0\u00bb][vc_empty_space height=\u00a0\u00bb100px\u00a0\u00bb][\/vc_column][\/vc_row][vc_row][vc_column width=\u00a0\u00bb1\/4&Prime;][vc_empty_space height=\u00a0\u00bb90px\u00a0\u00bb][\/vc_column][vc_column width=\u00a0\u00bb3\/4&Prime;][vc_column_text] LES COOKIES &nbsp; Le site wearemotto.fr utilise les cookies pour am\u00e9liorer votre navigation et votre exp\u00e9rience du site. Des fichiers cookies sont susceptibles d\u2019\u00eatre enregistr\u00e9s sur votre [&hellip;]\" \/>\n<meta property=\"og:url\" content=\"https:\/\/ultra-net-work.com\/motto\/preferences-de-cookies\/\" \/>\n<meta property=\"og:site_name\" content=\"Motto\" \/>\n<meta property=\"article:modified_time\" content=\"2025-02-24T00:42:57+00:00\" \/>\n<meta name=\"twitter:card\" content=\"summary_large_image\" \/>\n<meta name=\"twitter:label1\" content=\"Dur\u00e9e de lecture estim\u00e9e\" \/>\n\t<meta name=\"twitter:data1\" content=\"8 minutes\" \/>\n<script type=\"application\/ld+json\" class=\"yoast-schema-graph\">{\"@context\":\"https:\/\/schema.org\",\"@graph\":[{\"@type\":\"WebPage\",\"@id\":\"https:\/\/ultra-net-work.com\/motto\/preferences-de-cookies\/\",\"url\":\"https:\/\/ultra-net-work.com\/motto\/preferences-de-cookies\/\",\"name\":\"Pr\u00e9f\u00e9rences de cookies - Motto\",\"isPartOf\":{\"@id\":\"https:\/\/ultra-net-work.com\/motto\/#website\"},\"datePublished\":\"2025-02-24T00:41:23+00:00\",\"dateModified\":\"2025-02-24T00:42:57+00:00\",\"breadcrumb\":{\"@id\":\"https:\/\/ultra-net-work.com\/motto\/preferences-de-cookies\/#breadcrumb\"},\"inLanguage\":\"fr-FR\",\"potentialAction\":[{\"@type\":\"ReadAction\",\"target\":[\"https:\/\/ultra-net-work.com\/motto\/preferences-de-cookies\/\"]}]},{\"@type\":\"BreadcrumbList\",\"@id\":\"https:\/\/ultra-net-work.com\/motto\/preferences-de-cookies\/#breadcrumb\",\"itemListElement\":[{\"@type\":\"ListItem\",\"position\":1,\"name\":\"Accueil\",\"item\":\"https:\/\/ultra-net-work.com\/motto\/\"},{\"@type\":\"ListItem\",\"position\":2,\"name\":\"Pr\u00e9f\u00e9rences de cookies\"}]},{\"@type\":\"WebSite\",\"@id\":\"https:\/\/ultra-net-work.com\/motto\/#website\",\"url\":\"https:\/\/ultra-net-work.com\/motto\/\",\"name\":\"Motto\",\"description\":\"\",\"potentialAction\":[{\"@type\":\"SearchAction\",\"target\":{\"@type\":\"EntryPoint\",\"urlTemplate\":\"https:\/\/ultra-net-work.com\/motto\/?s={search_term_string}\"},\"query-input\":{\"@type\":\"PropertyValueSpecification\",\"valueRequired\":true,\"valueName\":\"search_term_string\"}}],\"inLanguage\":\"fr-FR\"}]}<\/script>\n<!-- \/ Yoast SEO plugin. -->","yoast_head_json":{"title":"Pr\u00e9f\u00e9rences de cookies - Motto","robots":{"index":"noindex","follow":"follow","max-snippet":"max-snippet:-1","max-image-preview":"max-image-preview:large","max-video-preview":"max-video-preview:-1"},"og_locale":"fr_FR","og_type":"article","og_title":"Pr\u00e9f\u00e9rences de cookies - Motto","og_description":"[vc_row][vc_column][vc_separator color=\u00a0\u00bbblack\u00a0\u00bb border_width=\u00a0\u00bb2&Prime; css=\u00a0\u00bb.vc_custom_1727427423169{padding-top: 20px !important;padding-bottom: 20px !important;}\u00a0\u00bb][vc_empty_space height=\u00a0\u00bb150px\u00a0\u00bb][vc_empty_space height=\u00a0\u00bb100px\u00a0\u00bb][\/vc_column][\/vc_row][vc_row][vc_column width=\u00a0\u00bb1\/4&Prime;][vc_empty_space height=\u00a0\u00bb90px\u00a0\u00bb][\/vc_column][vc_column width=\u00a0\u00bb3\/4&Prime;][vc_column_text] LES COOKIES &nbsp; Le site wearemotto.fr utilise les cookies pour am\u00e9liorer votre navigation et votre exp\u00e9rience du site. Des fichiers cookies sont susceptibles d\u2019\u00eatre enregistr\u00e9s sur votre [&hellip;]","og_url":"https:\/\/ultra-net-work.com\/motto\/preferences-de-cookies\/","og_site_name":"Motto","article_modified_time":"2025-02-24T00:42:57+00:00","twitter_card":"summary_large_image","twitter_misc":{"Dur\u00e9e de lecture estim\u00e9e":"8 minutes"},"schema":{"@context":"https:\/\/schema.org","@graph":[{"@type":"WebPage","@id":"https:\/\/ultra-net-work.com\/motto\/preferences-de-cookies\/","url":"https:\/\/ultra-net-work.com\/motto\/preferences-de-cookies\/","name":"Pr\u00e9f\u00e9rences de cookies - Motto","isPartOf":{"@id":"https:\/\/ultra-net-work.com\/motto\/#website"},"datePublished":"2025-02-24T00:41:23+00:00","dateModified":"2025-02-24T00:42:57+00:00","breadcrumb":{"@id":"https:\/\/ultra-net-work.com\/motto\/preferences-de-cookies\/#breadcrumb"},"inLanguage":"fr-FR","potentialAction":[{"@type":"ReadAction","target":["https:\/\/ultra-net-work.com\/motto\/preferences-de-cookies\/"]}]},{"@type":"BreadcrumbList","@id":"https:\/\/ultra-net-work.com\/motto\/preferences-de-cookies\/#breadcrumb","itemListElement":[{"@type":"ListItem","position":1,"name":"Accueil","item":"https:\/\/ultra-net-work.com\/motto\/"},{"@type":"ListItem","position":2,"name":"Pr\u00e9f\u00e9rences de cookies"}]},{"@type":"WebSite","@id":"https:\/\/ultra-net-work.com\/motto\/#website","url":"https:\/\/ultra-net-work.com\/motto\/","name":"Motto","description":"","potentialAction":[{"@type":"SearchAction","target":{"@type":"EntryPoint","urlTemplate":"https:\/\/ultra-net-work.com\/motto\/?s={search_term_string}"},"query-input":{"@type":"PropertyValueSpecification","valueRequired":true,"valueName":"search_term_string"}}],"inLanguage":"fr-FR"}]}},"_links":{"self":[{"href":"https:\/\/ultra-net-work.com\/motto\/wp-json\/wp\/v2\/pages\/1493","targetHints":{"allow":["GET"]}}],"collection":[{"href":"https:\/\/ultra-net-work.com\/motto\/wp-json\/wp\/v2\/pages"}],"about":[{"href":"https:\/\/ultra-net-work.com\/motto\/wp-json\/wp\/v2\/types\/page"}],"author":[{"embeddable":true,"href":"https:\/\/ultra-net-work.com\/motto\/wp-json\/wp\/v2\/users\/1"}],"replies":[{"embeddable":true,"href":"https:\/\/ultra-net-work.com\/motto\/wp-json\/wp\/v2\/comments?post=1493"}],"version-history":[{"count":2,"href":"https:\/\/ultra-net-work.com\/motto\/wp-json\/wp\/v2\/pages\/1493\/revisions"}],"predecessor-version":[{"id":1495,"href":"https:\/\/ultra-net-work.com\/motto\/wp-json\/wp\/v2\/pages\/1493\/revisions\/1495"}],"wp:attachment":[{"href":"https:\/\/ultra-net-work.com\/motto\/wp-json\/wp\/v2\/media?parent=1493"}],"curies":[{"name":"wp","href":"https:\/\/api.w.org\/{rel}","templated":true}]}}