{"id":388,"date":"2025-01-26T23:53:24","date_gmt":"2025-01-26T22:53:24","guid":{"rendered":"https:\/\/ultra-net-work.com\/motto\/?page_id=388"},"modified":"2025-02-20T10:02:42","modified_gmt":"2025-02-20T09:02:42","slug":"savoir-faire","status":"publish","type":"page","link":"https:\/\/ultra-net-work.com\/motto\/savoir-faire\/","title":{"rendered":"Savoir-faire"},"content":{"rendered":"<div class=\"wpb-content-wrapper\"><p>[vc_row][vc_column][vc_separator color=\u00a0\u00bbblack\u00a0\u00bb border_width=\u00a0\u00bb2&Prime; css=\u00a0\u00bb.vc_custom_1727427423169{padding-top: 20px !important;padding-bottom: 20px !important;}\u00a0\u00bb][\/vc_column][\/vc_row][vc_row][vc_column width=\u00a0\u00bb1\/6&Prime;][vc_empty_space height=\u00a0\u00bb100px\u00a0\u00bb][\/vc_column][vc_column width=\u00a0\u00bb2\/3&Prime;][vc_empty_space height=\u00a0\u00bb130px\u00a0\u00bb][vc_column_text]<b>Savoir-faire<br \/>\n<span style=\"color: #ffffff;\">.<\/span><\/b><\/p>\n<div style=\"text-align: justify;\">\n<p>Sp\u00e9cialiste du voyage au Japon, MOTTO propose des s\u00e9jours immersifs et des exp\u00e9riences m\u00e9morables dans les plus belles r\u00e9gions du pays. Encadr\u00e9e par une \u00e9quipe d\u2019experts, la plateforme s\u2019appuie sur un vaste r\u00e9seau de professionnels et de partenaires pour offrir des s\u00e9jours touristiques et des activit\u00e9s hors des sentiers battus, au plus pr\u00e8s de la v\u00e9ritable culture japonaise.<span class=\"Apple-converted-space\">\u00a0<\/span><\/p>\n<p>MOTTO c\u2019est aussi un service de conciergerie pens\u00e9 pour r\u00e9pondre aux attentes des voyageurs en qu\u00eate de d\u00e9couvertes exclusives. Anim\u00e9s par des valeurs d\u2019efficacit\u00e9, de flexibilit\u00e9 et de fiabilit\u00e9, les agents MOTTO accompagnent et conseillent les amateurs d\u2019\u00e9vasion \u00e0 chaque \u00e9tape de leurs parcours. L\u2019entreprise s\u2019engage \u00e0 d\u00e9livrer des offres transparentes et des solutions performantes pour donner un acc\u00e8s privil\u00e9gi\u00e9 au Japon en toute circonstance.<\/p>\n<\/div>\n<p>[\/vc_column_text][vc_empty_space height=\u00a0\u00bb100px\u00a0\u00bb][\/vc_column][vc_column width=\u00a0\u00bb1\/6&Prime;][\/vc_column][\/vc_row][vc_row][vc_column][vc_wp_custommenu nav_menu=\u00a0\u00bb3&Prime;][\/vc_column][\/vc_row]<\/p>\n<\/div>","protected":false},"excerpt":{"rendered":"<p>[vc_row][vc_column][vc_separator color=\u00a0\u00bbblack\u00a0\u00bb border_width=\u00a0\u00bb2&Prime; css=\u00a0\u00bb.vc_custom_1727427423169{padding-top: 20px !important;padding-bottom: 20px !important;}\u00a0\u00bb][\/vc_column][\/vc_row][vc_row][vc_column width=\u00a0\u00bb1\/6&Prime;][vc_empty_space height=\u00a0\u00bb100px\u00a0\u00bb][\/vc_column][vc_column width=\u00a0\u00bb2\/3&Prime;][vc_empty_space height=\u00a0\u00bb130px\u00a0\u00bb][vc_column_text]Savoir-faire . Sp\u00e9cialiste du voyage au Japon, MOTTO propose des s\u00e9jours immersifs et des exp\u00e9riences m\u00e9morables dans les plus belles r\u00e9gions du pays. Encadr\u00e9e par une \u00e9quipe d\u2019experts, la [&hellip;]<\/p>\n","protected":false},"author":1,"featured_media":0,"parent":0,"menu_order":1,"comment_status":"closed","ping_status":"closed","template":"","meta":{"footnotes":""},"class_list":["post-388","page","type-page","status-publish","hentry"],"yoast_head":"<!-- This site is optimized with the Yoast SEO plugin v24.6 - https:\/\/yoast.com\/wordpress\/plugins\/seo\/ -->\n<title>Savoir-faire - Motto<\/title>\n<meta name=\"robots\" content=\"noindex, follow, max-snippet:-1, max-image-preview:large, max-video-preview:-1\" \/>\n<meta property=\"og:locale\" content=\"fr_FR\" \/>\n<meta property=\"og:type\" content=\"article\" \/>\n<meta property=\"og:title\" content=\"Savoir-faire - Motto\" \/>\n<meta property=\"og:description\" content=\"[vc_row][vc_column][vc_separator color=\u00a0\u00bbblack\u00a0\u00bb border_width=\u00a0\u00bb2&Prime; css=\u00a0\u00bb.vc_custom_1727427423169{padding-top: 20px !important;padding-bottom: 20px !important;}\u00a0\u00bb][\/vc_column][\/vc_row][vc_row][vc_column width=\u00a0\u00bb1\/6&Prime;][vc_empty_space height=\u00a0\u00bb100px\u00a0\u00bb][\/vc_column][vc_column width=\u00a0\u00bb2\/3&Prime;][vc_empty_space height=\u00a0\u00bb130px\u00a0\u00bb][vc_column_text]Savoir-faire . Sp\u00e9cialiste du voyage au Japon, MOTTO propose des s\u00e9jours immersifs et des exp\u00e9riences m\u00e9morables dans les plus belles r\u00e9gions du pays. Encadr\u00e9e par une \u00e9quipe d\u2019experts, la [&hellip;]\" \/>\n<meta property=\"og:url\" content=\"https:\/\/ultra-net-work.com\/motto\/savoir-faire\/\" \/>\n<meta property=\"og:site_name\" content=\"Motto\" \/>\n<meta property=\"article:modified_time\" content=\"2025-02-20T09:02:42+00:00\" \/>\n<meta name=\"twitter:card\" content=\"summary_large_image\" \/>\n<meta name=\"twitter:label1\" content=\"Dur\u00e9e de lecture estim\u00e9e\" \/>\n\t<meta name=\"twitter:data1\" content=\"1 minute\" \/>\n<script type=\"application\/ld+json\" class=\"yoast-schema-graph\">{\"@context\":\"https:\/\/schema.org\",\"@graph\":[{\"@type\":\"WebPage\",\"@id\":\"https:\/\/ultra-net-work.com\/motto\/savoir-faire\/\",\"url\":\"https:\/\/ultra-net-work.com\/motto\/savoir-faire\/\",\"name\":\"Savoir-faire - Motto\",\"isPartOf\":{\"@id\":\"https:\/\/ultra-net-work.com\/motto\/#website\"},\"datePublished\":\"2025-01-26T22:53:24+00:00\",\"dateModified\":\"2025-02-20T09:02:42+00:00\",\"breadcrumb\":{\"@id\":\"https:\/\/ultra-net-work.com\/motto\/savoir-faire\/#breadcrumb\"},\"inLanguage\":\"fr-FR\",\"potentialAction\":[{\"@type\":\"ReadAction\",\"target\":[\"https:\/\/ultra-net-work.com\/motto\/savoir-faire\/\"]}]},{\"@type\":\"BreadcrumbList\",\"@id\":\"https:\/\/ultra-net-work.com\/motto\/savoir-faire\/#breadcrumb\",\"itemListElement\":[{\"@type\":\"ListItem\",\"position\":1,\"name\":\"Accueil\",\"item\":\"https:\/\/ultra-net-work.com\/motto\/\"},{\"@type\":\"ListItem\",\"position\":2,\"name\":\"Savoir-faire\"}]},{\"@type\":\"WebSite\",\"@id\":\"https:\/\/ultra-net-work.com\/motto\/#website\",\"url\":\"https:\/\/ultra-net-work.com\/motto\/\",\"name\":\"Motto\",\"description\":\"\",\"potentialAction\":[{\"@type\":\"SearchAction\",\"target\":{\"@type\":\"EntryPoint\",\"urlTemplate\":\"https:\/\/ultra-net-work.com\/motto\/?s={search_term_string}\"},\"query-input\":{\"@type\":\"PropertyValueSpecification\",\"valueRequired\":true,\"valueName\":\"search_term_string\"}}],\"inLanguage\":\"fr-FR\"}]}<\/script>\n<!-- \/ Yoast SEO plugin. -->","yoast_head_json":{"title":"Savoir-faire - Motto","robots":{"index":"noindex","follow":"follow","max-snippet":"max-snippet:-1","max-image-preview":"max-image-preview:large","max-video-preview":"max-video-preview:-1"},"og_locale":"fr_FR","og_type":"article","og_title":"Savoir-faire - Motto","og_description":"[vc_row][vc_column][vc_separator color=\u00a0\u00bbblack\u00a0\u00bb border_width=\u00a0\u00bb2&Prime; css=\u00a0\u00bb.vc_custom_1727427423169{padding-top: 20px !important;padding-bottom: 20px !important;}\u00a0\u00bb][\/vc_column][\/vc_row][vc_row][vc_column width=\u00a0\u00bb1\/6&Prime;][vc_empty_space height=\u00a0\u00bb100px\u00a0\u00bb][\/vc_column][vc_column width=\u00a0\u00bb2\/3&Prime;][vc_empty_space height=\u00a0\u00bb130px\u00a0\u00bb][vc_column_text]Savoir-faire . Sp\u00e9cialiste du voyage au Japon, MOTTO propose des s\u00e9jours immersifs et des exp\u00e9riences m\u00e9morables dans les plus belles r\u00e9gions du pays. Encadr\u00e9e par une \u00e9quipe d\u2019experts, la [&hellip;]","og_url":"https:\/\/ultra-net-work.com\/motto\/savoir-faire\/","og_site_name":"Motto","article_modified_time":"2025-02-20T09:02:42+00:00","twitter_card":"summary_large_image","twitter_misc":{"Dur\u00e9e de lecture estim\u00e9e":"1 minute"},"schema":{"@context":"https:\/\/schema.org","@graph":[{"@type":"WebPage","@id":"https:\/\/ultra-net-work.com\/motto\/savoir-faire\/","url":"https:\/\/ultra-net-work.com\/motto\/savoir-faire\/","name":"Savoir-faire - Motto","isPartOf":{"@id":"https:\/\/ultra-net-work.com\/motto\/#website"},"datePublished":"2025-01-26T22:53:24+00:00","dateModified":"2025-02-20T09:02:42+00:00","breadcrumb":{"@id":"https:\/\/ultra-net-work.com\/motto\/savoir-faire\/#breadcrumb"},"inLanguage":"fr-FR","potentialAction":[{"@type":"ReadAction","target":["https:\/\/ultra-net-work.com\/motto\/savoir-faire\/"]}]},{"@type":"BreadcrumbList","@id":"https:\/\/ultra-net-work.com\/motto\/savoir-faire\/#breadcrumb","itemListElement":[{"@type":"ListItem","position":1,"name":"Accueil","item":"https:\/\/ultra-net-work.com\/motto\/"},{"@type":"ListItem","position":2,"name":"Savoir-faire"}]},{"@type":"WebSite","@id":"https:\/\/ultra-net-work.com\/motto\/#website","url":"https:\/\/ultra-net-work.com\/motto\/","name":"Motto","description":"","potentialAction":[{"@type":"SearchAction","target":{"@type":"EntryPoint","urlTemplate":"https:\/\/ultra-net-work.com\/motto\/?s={search_term_string}"},"query-input":{"@type":"PropertyValueSpecification","valueRequired":true,"valueName":"search_term_string"}}],"inLanguage":"fr-FR"}]}},"_links":{"self":[{"href":"https:\/\/ultra-net-work.com\/motto\/wp-json\/wp\/v2\/pages\/388","targetHints":{"allow":["GET"]}}],"collection":[{"href":"https:\/\/ultra-net-work.com\/motto\/wp-json\/wp\/v2\/pages"}],"about":[{"href":"https:\/\/ultra-net-work.com\/motto\/wp-json\/wp\/v2\/types\/page"}],"author":[{"embeddable":true,"href":"https:\/\/ultra-net-work.com\/motto\/wp-json\/wp\/v2\/users\/1"}],"replies":[{"embeddable":true,"href":"https:\/\/ultra-net-work.com\/motto\/wp-json\/wp\/v2\/comments?post=388"}],"version-history":[{"count":16,"href":"https:\/\/ultra-net-work.com\/motto\/wp-json\/wp\/v2\/pages\/388\/revisions"}],"predecessor-version":[{"id":1222,"href":"https:\/\/ultra-net-work.com\/motto\/wp-json\/wp\/v2\/pages\/388\/revisions\/1222"}],"wp:attachment":[{"href":"https:\/\/ultra-net-work.com\/motto\/wp-json\/wp\/v2\/media?parent=388"}],"curies":[{"name":"wp","href":"https:\/\/api.w.org\/{rel}","templated":true}]}}