{"id":423,"date":"2025-01-27T01:08:49","date_gmt":"2025-01-27T00:08:49","guid":{"rendered":"https:\/\/ultra-net-work.com\/motto\/?page_id=423"},"modified":"2025-02-25T10:02:36","modified_gmt":"2025-02-25T09:02:36","slug":"nous-rencontrer","status":"publish","type":"page","link":"https:\/\/ultra-net-work.com\/motto\/nous-rencontrer\/","title":{"rendered":"Nous rencontrer"},"content":{"rendered":"<div class=\"wpb-content-wrapper\"><p>[vc_row][vc_column][vc_separator color=\u00a0\u00bbblack\u00a0\u00bb border_width=\u00a0\u00bb2&Prime; css=\u00a0\u00bb.vc_custom_1727427423169{padding-top: 20px !important;padding-bottom: 20px !important;}\u00a0\u00bb][vc_empty_space height=\u00a0\u00bb150px\u00a0\u00bb][\/vc_column][\/vc_row][vc_row][vc_column width=\u00a0\u00bb1\/2&Prime;][vc_empty_space height=\u00a0\u00bb90px\u00a0\u00bb]<div class=\"eltdf-image-gallery  eltdf-ig-slider-type eltdf-three-columns eltdf-no-space  \">\n\t<div class=\"eltdf-ig-slider eltdf-owl-slider\" data-number-of-items=\"1\" data-enable-loop=\"yes\" data-enable-autoplay=\"yes\" data-slider-speed=\"5000\" data-slider-speed-animation=\"600\" data-slider-padding=\"no\" data-enable-navigation=\"yes\" data-enable-pagination=\"no\">\n\t\t\t\t\t<div class=\"eltdf-ig-image\">\n\t\t\t\t\t\t\t\t\t<img loading=\"lazy\" decoding=\"async\" width=\"1920\" height=\"1080\" src=\"https:\/\/ultra-net-work.com\/motto\/wp-content\/uploads\/2024\/11\/MOTTO.Paris_.jpg\" class=\"attachment-full size-full\" alt=\"\" srcset=\"https:\/\/ultra-net-work.com\/motto\/wp-content\/uploads\/2024\/11\/MOTTO.Paris_.jpg 1920w, https:\/\/ultra-net-work.com\/motto\/wp-content\/uploads\/2024\/11\/MOTTO.Paris_-300x169.jpg 300w, https:\/\/ultra-net-work.com\/motto\/wp-content\/uploads\/2024\/11\/MOTTO.Paris_-1024x576.jpg 1024w, https:\/\/ultra-net-work.com\/motto\/wp-content\/uploads\/2024\/11\/MOTTO.Paris_-768x432.jpg 768w, https:\/\/ultra-net-work.com\/motto\/wp-content\/uploads\/2024\/11\/MOTTO.Paris_-1536x864.jpg 1536w\" sizes=\"auto, (max-width: 1920px) 100vw, 1920px\" \/>\t\t\t\t\t\t\t<\/div>\n\t\t\t<\/div>\n<\/div>[\/vc_column][vc_column width=\u00a0\u00bb1\/2&Prime;][vc_column_text]<strong>Rendez-vous chez HIS Paris<br \/>\n<span style=\"color: #ffffff;\">.<\/span><\/strong><\/p>\n<p><i>HI<\/i>S est un acteur majeur du tourisme international sp\u00e9cialis\u00e9 dans les voyages au Japon. Fond\u00e9 en 1980 \u00e0 Tokyo par Hideo Sawada <i>HI<\/i>S est aujourd\u2019hui pr\u00e9sent dans 60 pays avec une activit\u00e9 \u00e9tendue dans les domaines du voyage du conseil de l\u2019innovation de l\u2019hospitalit\u00e9 et du loisir \u00e0 grande \u00e9chelle. <i>HI<\/i>S vient d\u2019ouvrir son premier concept store \u00e0 Paris \u00e0 deux pas de l\u2019H\u00f4tel de Ville.<span class=\"Apple-converted-space\">\u00a0<\/span><\/p>\n<p>Cette nouvelle adresse propose une (re)d\u00e9couverte du Japon \u00e0 travers ses r\u00e9gions. La s\u00e9lection pr\u00e9sente des produits gourmets, des raret\u00e9s culinaires en provenance des meilleurs producteurs locaux, mais aussi des objets du quotidien, de la calligraphie, des beaux livres, des p\u00e9pites artisanales et un service de conciergerie pour les amateurs de voyage au Japon.<\/p>\n<p>Prenez rendez-vous sur place avec un agent MOTTO<\/p>\n<p>&nbsp;<\/p>\n<p>&nbsp;<\/p>\n<div><strong>HIS Paris<\/strong><\/div>\n<div>Concept store<\/div>\n<div>2 rue du renard<\/div>\n<div>75004 Paris<\/div>\n<div><span style=\"color: #ffffff;\">.<\/span><\/div>\n<div><a title=\"&#109;&#x61;&#x69;l&#116;&#x6f;&#x3a;f&#114;&#x2d;s&#104;&#x6f;&#x70;&#64;&#104;&#x69;s&#45;&#x77;&#x6f;r&#108;&#x64;&#x2e;&#99;&#x6f;&#x6d;\" href=\"&#x6d;&#x61;&#x69;&#x6c;&#x74;&#x6f;&#x3a;&#x66;&#x72;&#x2d;&#x73;&#x68;&#x6f;&#x70;&#x40;&#x68;&#x69;&#x73;&#x2d;&#x77;&#x6f;&#x72;&#x6c;&#x64;&#x2e;&#x63;&#x6f;&#x6d;\">f&#114;&#45;&#x73;&#x68;&#x6f;&#x70;&#64;&#104;&#105;&#115;&#x2d;&#x77;&#x6f;rl&#100;&#46;&#x63;&#x6f;&#x6d;<\/a><\/div>\n<div>Instagram @wearehisparis<\/div>\n<p>[\/vc_column_text][vc_empty_space height=\u00a0\u00bb100px\u00a0\u00bb][\/vc_column][\/vc_row][vc_row][vc_column][vc_wp_custommenu nav_menu=\u00a0\u00bb3&Prime;][\/vc_column][\/vc_row]<\/p>\n<\/div>","protected":false},"excerpt":{"rendered":"<p>[vc_row][vc_column][vc_separator color=\u00a0\u00bbblack\u00a0\u00bb border_width=\u00a0\u00bb2&Prime; css=\u00a0\u00bb.vc_custom_1727427423169{padding-top: 20px !important;padding-bottom: 20px !important;}\u00a0\u00bb][vc_empty_space height=\u00a0\u00bb150px\u00a0\u00bb][\/vc_column][\/vc_row][vc_row][vc_column width=\u00a0\u00bb1\/2&Prime;][vc_empty_space height=\u00a0\u00bb90px\u00a0\u00bb][\/vc_column][vc_column width=\u00a0\u00bb1\/2&Prime;][vc_column_text]Rendez-vous chez HIS Paris . HIS est un acteur majeur du tourisme international sp\u00e9cialis\u00e9 dans les voyages au Japon. Fond\u00e9 en 1980 \u00e0 Tokyo par Hideo Sawada HIS est [&hellip;]<\/p>\n","protected":false},"author":1,"featured_media":0,"parent":0,"menu_order":1,"comment_status":"closed","ping_status":"closed","template":"","meta":{"footnotes":""},"class_list":["post-423","page","type-page","status-publish","hentry"],"yoast_head":"<!-- This site is optimized with the Yoast SEO plugin v24.6 - https:\/\/yoast.com\/wordpress\/plugins\/seo\/ -->\n<title>Nous rencontrer - Motto<\/title>\n<meta name=\"robots\" content=\"noindex, follow, max-snippet:-1, max-image-preview:large, max-video-preview:-1\" \/>\n<meta property=\"og:locale\" content=\"fr_FR\" \/>\n<meta property=\"og:type\" content=\"article\" \/>\n<meta property=\"og:title\" content=\"Nous rencontrer - Motto\" \/>\n<meta property=\"og:description\" content=\"[vc_row][vc_column][vc_separator color=\u00a0\u00bbblack\u00a0\u00bb border_width=\u00a0\u00bb2&Prime; css=\u00a0\u00bb.vc_custom_1727427423169{padding-top: 20px !important;padding-bottom: 20px !important;}\u00a0\u00bb][vc_empty_space height=\u00a0\u00bb150px\u00a0\u00bb][\/vc_column][\/vc_row][vc_row][vc_column width=\u00a0\u00bb1\/2&Prime;][vc_empty_space height=\u00a0\u00bb90px\u00a0\u00bb][\/vc_column][vc_column width=\u00a0\u00bb1\/2&Prime;][vc_column_text]Rendez-vous chez HIS Paris . HIS est un acteur majeur du tourisme international sp\u00e9cialis\u00e9 dans les voyages au Japon. Fond\u00e9 en 1980 \u00e0 Tokyo par Hideo Sawada HIS est [&hellip;]\" \/>\n<meta property=\"og:url\" content=\"https:\/\/ultra-net-work.com\/motto\/nous-rencontrer\/\" \/>\n<meta property=\"og:site_name\" content=\"Motto\" \/>\n<meta property=\"article:modified_time\" content=\"2025-02-25T09:02:36+00:00\" \/>\n<meta name=\"twitter:card\" content=\"summary_large_image\" \/>\n<meta name=\"twitter:label1\" content=\"Dur\u00e9e de lecture estim\u00e9e\" \/>\n\t<meta name=\"twitter:data1\" content=\"2 minutes\" \/>\n<script type=\"application\/ld+json\" class=\"yoast-schema-graph\">{\"@context\":\"https:\/\/schema.org\",\"@graph\":[{\"@type\":\"WebPage\",\"@id\":\"https:\/\/ultra-net-work.com\/motto\/nous-rencontrer\/\",\"url\":\"https:\/\/ultra-net-work.com\/motto\/nous-rencontrer\/\",\"name\":\"Nous rencontrer - Motto\",\"isPartOf\":{\"@id\":\"https:\/\/ultra-net-work.com\/motto\/#website\"},\"datePublished\":\"2025-01-27T00:08:49+00:00\",\"dateModified\":\"2025-02-25T09:02:36+00:00\",\"breadcrumb\":{\"@id\":\"https:\/\/ultra-net-work.com\/motto\/nous-rencontrer\/#breadcrumb\"},\"inLanguage\":\"fr-FR\",\"potentialAction\":[{\"@type\":\"ReadAction\",\"target\":[\"https:\/\/ultra-net-work.com\/motto\/nous-rencontrer\/\"]}]},{\"@type\":\"BreadcrumbList\",\"@id\":\"https:\/\/ultra-net-work.com\/motto\/nous-rencontrer\/#breadcrumb\",\"itemListElement\":[{\"@type\":\"ListItem\",\"position\":1,\"name\":\"Accueil\",\"item\":\"https:\/\/ultra-net-work.com\/motto\/\"},{\"@type\":\"ListItem\",\"position\":2,\"name\":\"Nous rencontrer\"}]},{\"@type\":\"WebSite\",\"@id\":\"https:\/\/ultra-net-work.com\/motto\/#website\",\"url\":\"https:\/\/ultra-net-work.com\/motto\/\",\"name\":\"Motto\",\"description\":\"\",\"potentialAction\":[{\"@type\":\"SearchAction\",\"target\":{\"@type\":\"EntryPoint\",\"urlTemplate\":\"https:\/\/ultra-net-work.com\/motto\/?s={search_term_string}\"},\"query-input\":{\"@type\":\"PropertyValueSpecification\",\"valueRequired\":true,\"valueName\":\"search_term_string\"}}],\"inLanguage\":\"fr-FR\"}]}<\/script>\n<!-- \/ Yoast SEO plugin. -->","yoast_head_json":{"title":"Nous rencontrer - Motto","robots":{"index":"noindex","follow":"follow","max-snippet":"max-snippet:-1","max-image-preview":"max-image-preview:large","max-video-preview":"max-video-preview:-1"},"og_locale":"fr_FR","og_type":"article","og_title":"Nous rencontrer - Motto","og_description":"[vc_row][vc_column][vc_separator color=\u00a0\u00bbblack\u00a0\u00bb border_width=\u00a0\u00bb2&Prime; css=\u00a0\u00bb.vc_custom_1727427423169{padding-top: 20px !important;padding-bottom: 20px !important;}\u00a0\u00bb][vc_empty_space height=\u00a0\u00bb150px\u00a0\u00bb][\/vc_column][\/vc_row][vc_row][vc_column width=\u00a0\u00bb1\/2&Prime;][vc_empty_space height=\u00a0\u00bb90px\u00a0\u00bb][\/vc_column][vc_column width=\u00a0\u00bb1\/2&Prime;][vc_column_text]Rendez-vous chez HIS Paris . HIS est un acteur majeur du tourisme international sp\u00e9cialis\u00e9 dans les voyages au Japon. Fond\u00e9 en 1980 \u00e0 Tokyo par Hideo Sawada HIS est [&hellip;]","og_url":"https:\/\/ultra-net-work.com\/motto\/nous-rencontrer\/","og_site_name":"Motto","article_modified_time":"2025-02-25T09:02:36+00:00","twitter_card":"summary_large_image","twitter_misc":{"Dur\u00e9e de lecture estim\u00e9e":"2 minutes"},"schema":{"@context":"https:\/\/schema.org","@graph":[{"@type":"WebPage","@id":"https:\/\/ultra-net-work.com\/motto\/nous-rencontrer\/","url":"https:\/\/ultra-net-work.com\/motto\/nous-rencontrer\/","name":"Nous rencontrer - Motto","isPartOf":{"@id":"https:\/\/ultra-net-work.com\/motto\/#website"},"datePublished":"2025-01-27T00:08:49+00:00","dateModified":"2025-02-25T09:02:36+00:00","breadcrumb":{"@id":"https:\/\/ultra-net-work.com\/motto\/nous-rencontrer\/#breadcrumb"},"inLanguage":"fr-FR","potentialAction":[{"@type":"ReadAction","target":["https:\/\/ultra-net-work.com\/motto\/nous-rencontrer\/"]}]},{"@type":"BreadcrumbList","@id":"https:\/\/ultra-net-work.com\/motto\/nous-rencontrer\/#breadcrumb","itemListElement":[{"@type":"ListItem","position":1,"name":"Accueil","item":"https:\/\/ultra-net-work.com\/motto\/"},{"@type":"ListItem","position":2,"name":"Nous rencontrer"}]},{"@type":"WebSite","@id":"https:\/\/ultra-net-work.com\/motto\/#website","url":"https:\/\/ultra-net-work.com\/motto\/","name":"Motto","description":"","potentialAction":[{"@type":"SearchAction","target":{"@type":"EntryPoint","urlTemplate":"https:\/\/ultra-net-work.com\/motto\/?s={search_term_string}"},"query-input":{"@type":"PropertyValueSpecification","valueRequired":true,"valueName":"search_term_string"}}],"inLanguage":"fr-FR"}]}},"_links":{"self":[{"href":"https:\/\/ultra-net-work.com\/motto\/wp-json\/wp\/v2\/pages\/423","targetHints":{"allow":["GET"]}}],"collection":[{"href":"https:\/\/ultra-net-work.com\/motto\/wp-json\/wp\/v2\/pages"}],"about":[{"href":"https:\/\/ultra-net-work.com\/motto\/wp-json\/wp\/v2\/types\/page"}],"author":[{"embeddable":true,"href":"https:\/\/ultra-net-work.com\/motto\/wp-json\/wp\/v2\/users\/1"}],"replies":[{"embeddable":true,"href":"https:\/\/ultra-net-work.com\/motto\/wp-json\/wp\/v2\/comments?post=423"}],"version-history":[{"count":18,"href":"https:\/\/ultra-net-work.com\/motto\/wp-json\/wp\/v2\/pages\/423\/revisions"}],"predecessor-version":[{"id":1525,"href":"https:\/\/ultra-net-work.com\/motto\/wp-json\/wp\/v2\/pages\/423\/revisions\/1525"}],"wp:attachment":[{"href":"https:\/\/ultra-net-work.com\/motto\/wp-json\/wp\/v2\/media?parent=423"}],"curies":[{"name":"wp","href":"https:\/\/api.w.org\/{rel}","templated":true}]}}